{"id":1238,"date":"2018-07-17T11:16:59","date_gmt":"2018-07-17T11:16:59","guid":{"rendered":"http:\/\/wp3.commonsupport.com\/newwp\/rabinos\/?page_id=548"},"modified":"2020-12-12T03:32:16","modified_gmt":"2020-12-12T06:32:16","slug":"nuestra-historia","status":"publish","type":"page","link":"https:\/\/mbasistenciavirtual.com.ar\/en\/nuestra-historia\/","title":{"rendered":"Nuestra historia"},"content":{"rendered":"<section class=\"kc-elm kc-css-478804 kc_row\"><div class=\"kc-row-container  kc-container  history-section\"><div class=\"kc-wrap-columns\"><div class=\"kc-elm kc-css-629841 kc_col-sm-12 kc_column kc_col-sm-12\"><div class=\"sidebar kc-col-container\"><div class=\"inner-column\">\r\n    <div class=\"image\">\r\n        <img decoding=\"async\" src=\"https:\/\/mbasistenciavirtual.com.ar\/wp-content\/uploads\/2020\/11\/shutterstock_1492319780-300x200.jpg\" alt=\"Awesome Image\" \/>\r\n    <\/div>\r\n    <h2>2009-2020 \/ Un largo camino recorrido<\/h2>\r\n    <div class=\"text\">Los hitos de una historia de 11 a\u00f1os, que seguimos escribiendo d\u00eda a d\u00eda, con la misma pasi\u00f3n de los comienzos.<\/div>\r\n    \r\n        <!--Year Block-->\r\n    <div class=\"year-block\">\r\n        <div class=\"inner-box\">\r\n            <div class=\"year\">2009<\/div>\r\n            <h3>El punto de partida<\/h3>\r\n            <div class=\"block-text\">\r\n                <p>En el a\u00f1o 2009 Mirna Bajraj se lanza como Asistente Virtual Biling\u00fce luego de haber obtenido la certificaci\u00f3n a trav\u00e9s de Bureau Red (la primera empresa de capacitaci\u00f3n de Asistentes Virtuales de habla hispana). As\u00ed naci\u00f3 MB Asistencia Virtual, un proyecto que hab\u00eda empezado a so\u00f1ar un a\u00f1o antes, cuando dej\u00f3 su \u00faltimo puesto de Asistente Ejecutiva del Presidente de un banco de inversi\u00f3n suizo-americano.<\/p>\r\n                                <div class=\"block-image\">\r\n                    <img decoding=\"async\" src=\"https:\/\/mbasistenciavirtual.com.ar\/wp-content\/uploads\/2015\/08\/LOGOVABR-150x150.jpg\" alt=\"Awesome Image\" \/>\r\n                <\/div>\r\n                            <\/div>\r\n        <\/div>\r\n    <\/div>\r\n        <!--Year Block-->\r\n    <div class=\"year-block\">\r\n        <div class=\"inner-box\">\r\n            <div class=\"year\">2013<\/div>\r\n            <h3>Social Media Certified VA<\/h3>\r\n            <div class=\"block-text\">\r\n                <p>La capacitaci\u00f3n es una constante y una necesidad en nuestra profesi\u00f3n. Estar actualizadas y a la vanguardia es lo que nos permite ofrecer servicios altamente calificados. No nos conformamos con lo que ya sabemos. \u00a1Queremos saber m\u00e1s!<\/p>\r\n                                <div class=\"block-image\">\r\n                    <img decoding=\"async\" src=\"https:\/\/mbasistenciavirtual.com.ar\/wp-content\/uploads\/2020\/06\/images-150x150.jpg\" alt=\"Awesome Image\" \/>\r\n                <\/div>\r\n                            <\/div>\r\n        <\/div>\r\n    <\/div>\r\n        <!--Year Block-->\r\n    <div class=\"year-block\">\r\n        <div class=\"inner-box\">\r\n            <div class=\"year\">2015<\/div>\r\n            <h3>Se suma Viviana Brandszpigiel<\/h3>\r\n            <div class=\"block-text\">\r\n                <p>Con un crecimiento consolidado y habiendo incorporado m\u00e1s clientes, se suma Viviana Brandzpigiel, Asistente Virtual Certificada.  Viviana es Asistente Ejecutiva recibida en el IASE (Instituto Argentino de Secretarias Ejecutivas) y aporta muchos a\u00f1os de experiencia y especializaci\u00f3n en el \u00e1rea administrativo-contable.<\/p>\r\n                                <div class=\"block-image\">\r\n                    <img decoding=\"async\" src=\"https:\/\/mbasistenciavirtual.com.ar\/wp-content\/uploads\/2015\/08\/Personas-trabajando-150x150.jpg\" alt=\"Awesome Image\" \/>\r\n                <\/div>\r\n                            <\/div>\r\n        <\/div>\r\n    <\/div>\r\n        <!--Year Block-->\r\n    <div class=\"year-block\">\r\n        <div class=\"inner-box\">\r\n            <div class=\"year\">2020<\/div>\r\n            <h3>Business Partner Certified VA<\/h3>\r\n            <div class=\"block-text\">\r\n                <p>Seguimos capacit\u00e1ndonos con las \u00faltimas herramientas y recursos para llevar adelante nuestra tarea. Si bien ya ten\u00edamos la certificaci\u00f3n de Business Partner desde el a\u00f1o 2015, volvimos a certificarnos para actualizar los conocimientos.\r\n\r\nUna d\u00e9cada intensa, de trabajo duro, aciertos y logros, y algunos desaciertos tambi\u00e9n. Siempre con el compromiso de ofrecer un servicio de excelencia.  Disfrutamos de nuestro trabajo porque sentimos pasi\u00f3n por lo que hacemos.\r\n<\/p>\r\n                                <div class=\"block-image\">\r\n                    <img decoding=\"async\" src=\"https:\/\/mbasistenciavirtual.com.ar\/wp-content\/uploads\/2020\/06\/Bureau-BP-rgb-150x150.jpg\" alt=\"Awesome Image\" \/>\r\n                <\/div>\r\n                            <\/div>\r\n        <\/div>\r\n    <\/div>\r\n    <\/div>\r\n<\/div><\/div><\/div><\/div><\/section>","protected":false},"excerpt":{"rendered":"","protected":false},"author":2,"featured_media":0,"parent":0,"menu_order":0,"comment_status":"closed","ping_status":"closed","template":"tpl-king_composer.php","meta":{"content-type":"","footnotes":""},"class_list":["post-1238","page","type-page","status-publish","hentry"],"yoast_head":"<!-- This site is optimized with the Yoast SEO plugin v25.2 - https:\/\/yoast.com\/wordpress\/plugins\/seo\/ -->\n<title>Nuestra historia - MB Asistencia Virtual<\/title>\n<meta name=\"robots\" content=\"index, follow, max-snippet:-1, max-image-preview:large, max-video-preview:-1\" \/>\n<link rel=\"canonical\" href=\"https:\/\/mbasistenciavirtual.com.ar\/en\/nuestra-historia\/\" \/>\n<meta property=\"og:locale\" content=\"en_GB\" \/>\n<meta property=\"og:type\" content=\"article\" \/>\n<meta property=\"og:title\" content=\"Nuestra historia - MB Asistencia Virtual\" \/>\n<meta property=\"og:description\" content=\"2009-2020 \/ Un largo camino recorrido Los hitos de una historia de 11 a\u00f1os, que seguimos escribiendo d\u00eda a d\u00eda, con la misma pasi\u00f3n de los comienzos. 2009 El punto de partida En el a\u00f1o 2009 Mirna Bajraj se lanza como Asistente Virtual Biling\u00fce luego de haber obtenido la certificaci\u00f3n a trav\u00e9s de Bureau Red\" \/>\n<meta property=\"og:url\" content=\"https:\/\/mbasistenciavirtual.com.ar\/en\/nuestra-historia\/\" \/>\n<meta property=\"og:site_name\" content=\"MB Asistencia Virtual\" \/>\n<meta property=\"article:modified_time\" content=\"2020-12-12T06:32:16+00:00\" \/>\n<meta property=\"og:image\" content=\"https:\/\/mbasistenciavirtual.com.ar\/wp-content\/uploads\/2020\/11\/shutterstock_1492319780-300x200.jpg\" \/>\n<meta name=\"twitter:card\" content=\"summary_large_image\" \/>\n<meta name=\"twitter:label1\" content=\"Estimated reading time\" \/>\n\t<meta name=\"twitter:data1\" content=\"1 minute\" \/>\n<script type=\"application\/ld+json\" class=\"yoast-schema-graph\">{\"@context\":\"https:\/\/schema.org\",\"@graph\":[{\"@type\":\"WebPage\",\"@id\":\"https:\/\/mbasistenciavirtual.com.ar\/nuestra-historia\/\",\"url\":\"https:\/\/mbasistenciavirtual.com.ar\/nuestra-historia\/\",\"name\":\"Nuestra historia - MB Asistencia Virtual\",\"isPartOf\":{\"@id\":\"https:\/\/mbasistenciavirtual.com.ar\/#website\"},\"primaryImageOfPage\":{\"@id\":\"https:\/\/mbasistenciavirtual.com.ar\/nuestra-historia\/#primaryimage\"},\"image\":{\"@id\":\"https:\/\/mbasistenciavirtual.com.ar\/nuestra-historia\/#primaryimage\"},\"thumbnailUrl\":\"https:\/\/mbasistenciavirtual.com.ar\/wp-content\/uploads\/2020\/11\/shutterstock_1492319780-300x200.jpg\",\"datePublished\":\"2018-07-17T11:16:59+00:00\",\"dateModified\":\"2020-12-12T06:32:16+00:00\",\"breadcrumb\":{\"@id\":\"https:\/\/mbasistenciavirtual.com.ar\/nuestra-historia\/#breadcrumb\"},\"inLanguage\":\"en-GB\",\"potentialAction\":[{\"@type\":\"ReadAction\",\"target\":[\"https:\/\/mbasistenciavirtual.com.ar\/nuestra-historia\/\"]}]},{\"@type\":\"ImageObject\",\"inLanguage\":\"en-GB\",\"@id\":\"https:\/\/mbasistenciavirtual.com.ar\/nuestra-historia\/#primaryimage\",\"url\":\"https:\/\/mbasistenciavirtual.com.ar\/wp-content\/uploads\/2020\/11\/shutterstock_1492319780-300x200.jpg\",\"contentUrl\":\"https:\/\/mbasistenciavirtual.com.ar\/wp-content\/uploads\/2020\/11\/shutterstock_1492319780-300x200.jpg\"},{\"@type\":\"BreadcrumbList\",\"@id\":\"https:\/\/mbasistenciavirtual.com.ar\/nuestra-historia\/#breadcrumb\",\"itemListElement\":[{\"@type\":\"ListItem\",\"position\":1,\"name\":\"Portada\",\"item\":\"https:\/\/mbasistenciavirtual.com.ar\/\"},{\"@type\":\"ListItem\",\"position\":2,\"name\":\"Nuestra historia\"}]},{\"@type\":\"WebSite\",\"@id\":\"https:\/\/mbasistenciavirtual.com.ar\/#website\",\"url\":\"https:\/\/mbasistenciavirtual.com.ar\/\",\"name\":\"MB Asistencia Virtual\",\"description\":\"Asistencia Virtual en Argentina\",\"publisher\":{\"@id\":\"https:\/\/mbasistenciavirtual.com.ar\/#organization\"},\"potentialAction\":[{\"@type\":\"SearchAction\",\"target\":{\"@type\":\"EntryPoint\",\"urlTemplate\":\"https:\/\/mbasistenciavirtual.com.ar\/?s={search_term_string}\"},\"query-input\":{\"@type\":\"PropertyValueSpecification\",\"valueRequired\":true,\"valueName\":\"search_term_string\"}}],\"inLanguage\":\"en-GB\"},{\"@type\":\"Organization\",\"@id\":\"https:\/\/mbasistenciavirtual.com.ar\/#organization\",\"name\":\"MB Asistencia Virtual\",\"url\":\"https:\/\/mbasistenciavirtual.com.ar\/\",\"logo\":{\"@type\":\"ImageObject\",\"inLanguage\":\"en-GB\",\"@id\":\"https:\/\/mbasistenciavirtual.com.ar\/#\/schema\/logo\/image\/\",\"url\":\"https:\/\/mbasistenciavirtual.com.ar\/wp-content\/uploads\/2020\/06\/MB-NEW-LOGO.png\",\"contentUrl\":\"https:\/\/mbasistenciavirtual.com.ar\/wp-content\/uploads\/2020\/06\/MB-NEW-LOGO.png\",\"width\":200,\"height\":200,\"caption\":\"MB Asistencia Virtual\"},\"image\":{\"@id\":\"https:\/\/mbasistenciavirtual.com.ar\/#\/schema\/logo\/image\/\"}}]}<\/script>\n<!-- \/ Yoast SEO plugin. -->","yoast_head_json":{"title":"Nuestra historia - MB Asistencia Virtual","robots":{"index":"index","follow":"follow","max-snippet":"max-snippet:-1","max-image-preview":"max-image-preview:large","max-video-preview":"max-video-preview:-1"},"canonical":"https:\/\/mbasistenciavirtual.com.ar\/en\/nuestra-historia\/","og_locale":"en_GB","og_type":"article","og_title":"Nuestra historia - MB Asistencia Virtual","og_description":"2009-2020 \/ Un largo camino recorrido Los hitos de una historia de 11 a\u00f1os, que seguimos escribiendo d\u00eda a d\u00eda, con la misma pasi\u00f3n de los comienzos. 2009 El punto de partida En el a\u00f1o 2009 Mirna Bajraj se lanza como Asistente Virtual Biling\u00fce luego de haber obtenido la certificaci\u00f3n a trav\u00e9s de Bureau Red","og_url":"https:\/\/mbasistenciavirtual.com.ar\/en\/nuestra-historia\/","og_site_name":"MB Asistencia Virtual","article_modified_time":"2020-12-12T06:32:16+00:00","og_image":[{"url":"https:\/\/mbasistenciavirtual.com.ar\/wp-content\/uploads\/2020\/11\/shutterstock_1492319780-300x200.jpg","type":"","width":"","height":""}],"twitter_card":"summary_large_image","twitter_misc":{"Estimated reading time":"1 minute"},"schema":{"@context":"https:\/\/schema.org","@graph":[{"@type":"WebPage","@id":"https:\/\/mbasistenciavirtual.com.ar\/nuestra-historia\/","url":"https:\/\/mbasistenciavirtual.com.ar\/nuestra-historia\/","name":"Nuestra historia - MB Asistencia Virtual","isPartOf":{"@id":"https:\/\/mbasistenciavirtual.com.ar\/#website"},"primaryImageOfPage":{"@id":"https:\/\/mbasistenciavirtual.com.ar\/nuestra-historia\/#primaryimage"},"image":{"@id":"https:\/\/mbasistenciavirtual.com.ar\/nuestra-historia\/#primaryimage"},"thumbnailUrl":"https:\/\/mbasistenciavirtual.com.ar\/wp-content\/uploads\/2020\/11\/shutterstock_1492319780-300x200.jpg","datePublished":"2018-07-17T11:16:59+00:00","dateModified":"2020-12-12T06:32:16+00:00","breadcrumb":{"@id":"https:\/\/mbasistenciavirtual.com.ar\/nuestra-historia\/#breadcrumb"},"inLanguage":"en-GB","potentialAction":[{"@type":"ReadAction","target":["https:\/\/mbasistenciavirtual.com.ar\/nuestra-historia\/"]}]},{"@type":"ImageObject","inLanguage":"en-GB","@id":"https:\/\/mbasistenciavirtual.com.ar\/nuestra-historia\/#primaryimage","url":"https:\/\/mbasistenciavirtual.com.ar\/wp-content\/uploads\/2020\/11\/shutterstock_1492319780-300x200.jpg","contentUrl":"https:\/\/mbasistenciavirtual.com.ar\/wp-content\/uploads\/2020\/11\/shutterstock_1492319780-300x200.jpg"},{"@type":"BreadcrumbList","@id":"https:\/\/mbasistenciavirtual.com.ar\/nuestra-historia\/#breadcrumb","itemListElement":[{"@type":"ListItem","position":1,"name":"Portada","item":"https:\/\/mbasistenciavirtual.com.ar\/"},{"@type":"ListItem","position":2,"name":"Nuestra historia"}]},{"@type":"WebSite","@id":"https:\/\/mbasistenciavirtual.com.ar\/#website","url":"https:\/\/mbasistenciavirtual.com.ar\/","name":"MB Asistencia Virtual","description":"Asistencia Virtual en Argentina","publisher":{"@id":"https:\/\/mbasistenciavirtual.com.ar\/#organization"},"potentialAction":[{"@type":"SearchAction","target":{"@type":"EntryPoint","urlTemplate":"https:\/\/mbasistenciavirtual.com.ar\/?s={search_term_string}"},"query-input":{"@type":"PropertyValueSpecification","valueRequired":true,"valueName":"search_term_string"}}],"inLanguage":"en-GB"},{"@type":"Organization","@id":"https:\/\/mbasistenciavirtual.com.ar\/#organization","name":"MB Asistencia Virtual","url":"https:\/\/mbasistenciavirtual.com.ar\/","logo":{"@type":"ImageObject","inLanguage":"en-GB","@id":"https:\/\/mbasistenciavirtual.com.ar\/#\/schema\/logo\/image\/","url":"https:\/\/mbasistenciavirtual.com.ar\/wp-content\/uploads\/2020\/06\/MB-NEW-LOGO.png","contentUrl":"https:\/\/mbasistenciavirtual.com.ar\/wp-content\/uploads\/2020\/06\/MB-NEW-LOGO.png","width":200,"height":200,"caption":"MB Asistencia Virtual"},"image":{"@id":"https:\/\/mbasistenciavirtual.com.ar\/#\/schema\/logo\/image\/"}}]}},"_links":{"self":[{"href":"https:\/\/mbasistenciavirtual.com.ar\/en\/wp-json\/wp\/v2\/pages\/1238","targetHints":{"allow":["GET"]}}],"collection":[{"href":"https:\/\/mbasistenciavirtual.com.ar\/en\/wp-json\/wp\/v2\/pages"}],"about":[{"href":"https:\/\/mbasistenciavirtual.com.ar\/en\/wp-json\/wp\/v2\/types\/page"}],"author":[{"embeddable":true,"href":"https:\/\/mbasistenciavirtual.com.ar\/en\/wp-json\/wp\/v2\/users\/2"}],"replies":[{"embeddable":true,"href":"https:\/\/mbasistenciavirtual.com.ar\/en\/wp-json\/wp\/v2\/comments?post=1238"}],"version-history":[{"count":11,"href":"https:\/\/mbasistenciavirtual.com.ar\/en\/wp-json\/wp\/v2\/pages\/1238\/revisions"}],"predecessor-version":[{"id":1917,"href":"https:\/\/mbasistenciavirtual.com.ar\/en\/wp-json\/wp\/v2\/pages\/1238\/revisions\/1917"}],"wp:attachment":[{"href":"https:\/\/mbasistenciavirtual.com.ar\/en\/wp-json\/wp\/v2\/media?parent=1238"}],"curies":[{"name":"wp","href":"https:\/\/api.w.org\/{rel}","templated":true}]}}