{"id":1240,"date":"2018-07-17T12:38:10","date_gmt":"2018-07-17T12:38:10","guid":{"rendered":"http:\/\/wp3.commonsupport.com\/newwp\/rabinos\/?page_id=572"},"modified":"2020-12-12T03:33:50","modified_gmt":"2020-12-12T06:33:50","slug":"testimonios","status":"publish","type":"page","link":"https:\/\/mbasistenciavirtual.com.ar\/en\/testimonios\/","title":{"rendered":"Testimonios"},"content":{"rendered":"<section class=\"kc-elm kc-css-577257 kc_row\"><div class=\"kc-row-container  kc-container  testimonial-page-section\"><div class=\"kc-wrap-columns\"><div class=\"kc-elm kc-css-474189 kc_col-sm-12 kc_column kc_col-sm-12\"><div class=\"sidebar kc-col-container\">\r\n\r\n<div class=\"inner-column\">\r\n\t\t<!--Testimonial Block Three-->\r\n\t<div class=\"testimonial-block-three\">\r\n    \t<div class=\"inner-box\">\r\n            <div class=\"image-box\">\r\n                <div class=\"image\"><\/div>\r\n                <div class=\"quote-icon\">\r\n                    <span class=\"icon flaticon-left-quote-1\"><\/span>\r\n                <\/div>\r\n            <\/div>\r\n            <div class=\"text\">Trabajo con MB Asistencia Virtual desde el a\u00f1o 2009. Llegu\u00e9 a Mirna por intermedio de un amigo que hab\u00eda trabajado con ella en BCG. Lo que m\u00e1s destaco es la calidad de su trabajo, la autonom\u00eda y el criterio para tomar decisiones. Tambi\u00e9n la confianza que le tengo y que me permite despreocuparme de muchos temas que dejo en buenas manos.<\/div>\r\n            <div class=\"author\">- Sergio Meller<\/div>\r\n            <div class=\"designation\">Director Consultora Meller<\/div>\r\n        <\/div>\r\n    <\/div>\r\n    \t<!--Testimonial Block Three-->\r\n\t<div class=\"testimonial-block-three\">\r\n    \t<div class=\"inner-box\">\r\n            <div class=\"image-box\">\r\n                <div class=\"image\"><\/div>\r\n                <div class=\"quote-icon\">\r\n                    <span class=\"icon flaticon-left-quote-1\"><\/span>\r\n                <\/div>\r\n            <\/div>\r\n            <div class=\"text\">Trabajamos con MB Asistencia Virtual desde el a\u00f1o 2018. Destaco la eficiencia del servicio, la confianza y la seriedad. Nos ayudaron a ordenar y sistematizar el \u00e1rea administrativa, lo cual ha tenido un impacto muy positivo en la empresa.<\/div>\r\n            <div class=\"author\">- Mariano Beraldi<\/div>\r\n            <div class=\"designation\">Director de HB Asadores<\/div>\r\n        <\/div>\r\n    <\/div>\r\n    \t<!--Testimonial Block Three-->\r\n\t<div class=\"testimonial-block-three\">\r\n    \t<div class=\"inner-box\">\r\n            <div class=\"image-box\">\r\n                <div class=\"image\"><\/div>\r\n                <div class=\"quote-icon\">\r\n                    <span class=\"icon flaticon-left-quote-1\"><\/span>\r\n                <\/div>\r\n            <\/div>\r\n            <div class=\"text\">Contratamos la soluci\u00f3n Asistente Personal de MB Asistencia Virtual en el a\u00f1o 2016 para asistirme a m\u00ed y al CFO en temas personales. El servicio es expeditivo y muy profesional. Tambi\u00e9n valoramos la disponibilidad.<\/div>\r\n            <div class=\"author\">- CEO de una empresa de log\u00edstica<\/div>\r\n            <div class=\"designation\"><\/div>\r\n        <\/div>\r\n    <\/div>\r\n    \t<!--Testimonial Block Three-->\r\n\t<div class=\"testimonial-block-three\">\r\n    \t<div class=\"inner-box\">\r\n            <div class=\"image-box\">\r\n                <div class=\"image\"><\/div>\r\n                <div class=\"quote-icon\">\r\n                    <span class=\"icon flaticon-left-quote-1\"><\/span>\r\n                <\/div>\r\n            <\/div>\r\n            <div class=\"text\">Trabajo con Mirna y Viviana desde hace varios a\u00f1os y destaco su excelencia en la responsabilidad y compromiso con las tareas.\u00a0\u00a0Adem\u00e1s, ambas son s\u00faper c\u00e1lidas, agradables y siempre te atienden con una sonrisa. El trato que tienen hacia mis clientes siempre es de respeto y cordialidad; lo que me da tranquilidad para poder ocuparme de otras cosas. Recomiendo ampliamente al equipo de MB Asistencia Virtual, me resuelven much\u00edsimo el d\u00eda a d\u00eda y tienen toda mi confianza.<\/div>\r\n            <div class=\"author\">- Natalia Rosminati<\/div>\r\n            <div class=\"designation\">Locutora, Voice Artist<\/div>\r\n        <\/div>\r\n    <\/div>\r\n    \t<!--Testimonial Block Three-->\r\n\t<div class=\"testimonial-block-three\">\r\n    \t<div class=\"inner-box\">\r\n            <div class=\"image-box\">\r\n                <div class=\"image\"><\/div>\r\n                <div class=\"quote-icon\">\r\n                    <span class=\"icon flaticon-left-quote-1\"><\/span>\r\n                <\/div>\r\n            <\/div>\r\n            <div class=\"text\">Mirna y Viviana organizaron el Offsite CACE 2023. La verdad es que toda la experiencia fue muy buena. Desde la coordinaci\u00f3n de los viajes desde el interior, la b\u00fasqueda de hoteles, el trackeo de los gastos acorde al presupuesto, la selecci\u00f3n de los regalos y el soporte presencial el d\u00eda del evento. Gracias por haber ido tan temprano a supervisar el armado del sal\u00f3n. \u00a1Todos los detalles bien cuidados! \u00a1Esperamos volver a trabajar juntos!<\/div>\r\n            <div class=\"author\">- Valeria Ferreyra<\/div>\r\n            <div class=\"designation\">Directora Ejecutiva, C\u00e1mara Argentina de Comercio Electr\u00f3nico<\/div>\r\n        <\/div>\r\n    <\/div>\r\n    <\/div>\r\n\r\n<\/div><\/div><\/div><\/div><\/section>","protected":false},"excerpt":{"rendered":"","protected":false},"author":2,"featured_media":0,"parent":0,"menu_order":0,"comment_status":"closed","ping_status":"closed","template":"tpl-king_composer.php","meta":{"content-type":"","footnotes":""},"class_list":["post-1240","page","type-page","status-publish","hentry"],"yoast_head":"<!-- This site is optimized with the Yoast SEO plugin v25.2 - https:\/\/yoast.com\/wordpress\/plugins\/seo\/ -->\n<title>Testimonios - MB Asistencia Virtual<\/title>\n<meta name=\"robots\" content=\"index, follow, max-snippet:-1, max-image-preview:large, max-video-preview:-1\" \/>\n<link rel=\"canonical\" href=\"https:\/\/mbasistenciavirtual.com.ar\/en\/testimonios\/\" \/>\n<meta property=\"og:locale\" content=\"en_GB\" \/>\n<meta property=\"og:type\" content=\"article\" \/>\n<meta property=\"og:title\" content=\"Testimonios - MB Asistencia Virtual\" \/>\n<meta property=\"og:description\" content=\"Trabajo con MB Asistencia Virtual desde el a\u00f1o 2009. Llegu\u00e9 a Mirna por intermedio de un amigo que hab\u00eda trabajado con ella en BCG. Lo que m\u00e1s destaco es la calidad de su trabajo, la autonom\u00eda y el criterio para tomar decisiones. Tambi\u00e9n la confianza que le tengo y que me permite despreocuparme de muchos\" \/>\n<meta property=\"og:url\" content=\"https:\/\/mbasistenciavirtual.com.ar\/en\/testimonios\/\" \/>\n<meta property=\"og:site_name\" content=\"MB Asistencia Virtual\" \/>\n<meta property=\"article:modified_time\" content=\"2020-12-12T06:33:50+00:00\" \/>\n<meta property=\"og:image\" content=\"https:\/\/mbasistenciavirtual.com.ar\/wp-content\/plugins\/kingcomposer\/assets\/images\/get_start.jpg\" \/>\n<meta name=\"twitter:card\" content=\"summary_large_image\" \/>\n<meta name=\"twitter:label1\" content=\"Estimated reading time\" \/>\n\t<meta name=\"twitter:data1\" content=\"1 minute\" \/>\n<script type=\"application\/ld+json\" class=\"yoast-schema-graph\">{\"@context\":\"https:\/\/schema.org\",\"@graph\":[{\"@type\":\"WebPage\",\"@id\":\"https:\/\/mbasistenciavirtual.com.ar\/testimonios\/\",\"url\":\"https:\/\/mbasistenciavirtual.com.ar\/testimonios\/\",\"name\":\"Testimonios - MB Asistencia Virtual\",\"isPartOf\":{\"@id\":\"https:\/\/mbasistenciavirtual.com.ar\/#website\"},\"primaryImageOfPage\":{\"@id\":\"https:\/\/mbasistenciavirtual.com.ar\/testimonios\/#primaryimage\"},\"image\":{\"@id\":\"https:\/\/mbasistenciavirtual.com.ar\/testimonios\/#primaryimage\"},\"thumbnailUrl\":\"https:\/\/mbasistenciavirtual.com.ar\/wp-content\/plugins\/kingcomposer\/assets\/images\/get_start.jpg\",\"datePublished\":\"2018-07-17T12:38:10+00:00\",\"dateModified\":\"2020-12-12T06:33:50+00:00\",\"breadcrumb\":{\"@id\":\"https:\/\/mbasistenciavirtual.com.ar\/testimonios\/#breadcrumb\"},\"inLanguage\":\"en-GB\",\"potentialAction\":[{\"@type\":\"ReadAction\",\"target\":[\"https:\/\/mbasistenciavirtual.com.ar\/testimonios\/\"]}]},{\"@type\":\"ImageObject\",\"inLanguage\":\"en-GB\",\"@id\":\"https:\/\/mbasistenciavirtual.com.ar\/testimonios\/#primaryimage\",\"url\":\"https:\/\/mbasistenciavirtual.com.ar\/wp-content\/plugins\/kingcomposer\/assets\/images\/get_start.jpg\",\"contentUrl\":\"https:\/\/mbasistenciavirtual.com.ar\/wp-content\/plugins\/kingcomposer\/assets\/images\/get_start.jpg\"},{\"@type\":\"BreadcrumbList\",\"@id\":\"https:\/\/mbasistenciavirtual.com.ar\/testimonios\/#breadcrumb\",\"itemListElement\":[{\"@type\":\"ListItem\",\"position\":1,\"name\":\"Portada\",\"item\":\"https:\/\/mbasistenciavirtual.com.ar\/\"},{\"@type\":\"ListItem\",\"position\":2,\"name\":\"Testimonios\"}]},{\"@type\":\"WebSite\",\"@id\":\"https:\/\/mbasistenciavirtual.com.ar\/#website\",\"url\":\"https:\/\/mbasistenciavirtual.com.ar\/\",\"name\":\"MB Asistencia Virtual\",\"description\":\"Asistencia Virtual en Argentina\",\"publisher\":{\"@id\":\"https:\/\/mbasistenciavirtual.com.ar\/#organization\"},\"potentialAction\":[{\"@type\":\"SearchAction\",\"target\":{\"@type\":\"EntryPoint\",\"urlTemplate\":\"https:\/\/mbasistenciavirtual.com.ar\/?s={search_term_string}\"},\"query-input\":{\"@type\":\"PropertyValueSpecification\",\"valueRequired\":true,\"valueName\":\"search_term_string\"}}],\"inLanguage\":\"en-GB\"},{\"@type\":\"Organization\",\"@id\":\"https:\/\/mbasistenciavirtual.com.ar\/#organization\",\"name\":\"MB Asistencia Virtual\",\"url\":\"https:\/\/mbasistenciavirtual.com.ar\/\",\"logo\":{\"@type\":\"ImageObject\",\"inLanguage\":\"en-GB\",\"@id\":\"https:\/\/mbasistenciavirtual.com.ar\/#\/schema\/logo\/image\/\",\"url\":\"https:\/\/mbasistenciavirtual.com.ar\/wp-content\/uploads\/2020\/06\/MB-NEW-LOGO.png\",\"contentUrl\":\"https:\/\/mbasistenciavirtual.com.ar\/wp-content\/uploads\/2020\/06\/MB-NEW-LOGO.png\",\"width\":200,\"height\":200,\"caption\":\"MB Asistencia Virtual\"},\"image\":{\"@id\":\"https:\/\/mbasistenciavirtual.com.ar\/#\/schema\/logo\/image\/\"}}]}<\/script>\n<!-- \/ Yoast SEO plugin. -->","yoast_head_json":{"title":"Testimonios - MB Asistencia Virtual","robots":{"index":"index","follow":"follow","max-snippet":"max-snippet:-1","max-image-preview":"max-image-preview:large","max-video-preview":"max-video-preview:-1"},"canonical":"https:\/\/mbasistenciavirtual.com.ar\/en\/testimonios\/","og_locale":"en_GB","og_type":"article","og_title":"Testimonios - MB Asistencia Virtual","og_description":"Trabajo con MB Asistencia Virtual desde el a\u00f1o 2009. Llegu\u00e9 a Mirna por intermedio de un amigo que hab\u00eda trabajado con ella en BCG. Lo que m\u00e1s destaco es la calidad de su trabajo, la autonom\u00eda y el criterio para tomar decisiones. Tambi\u00e9n la confianza que le tengo y que me permite despreocuparme de muchos","og_url":"https:\/\/mbasistenciavirtual.com.ar\/en\/testimonios\/","og_site_name":"MB Asistencia Virtual","article_modified_time":"2020-12-12T06:33:50+00:00","og_image":[{"url":"https:\/\/mbasistenciavirtual.com.ar\/wp-content\/plugins\/kingcomposer\/assets\/images\/get_start.jpg","type":"","width":"","height":""}],"twitter_card":"summary_large_image","twitter_misc":{"Estimated reading time":"1 minute"},"schema":{"@context":"https:\/\/schema.org","@graph":[{"@type":"WebPage","@id":"https:\/\/mbasistenciavirtual.com.ar\/testimonios\/","url":"https:\/\/mbasistenciavirtual.com.ar\/testimonios\/","name":"Testimonios - MB Asistencia Virtual","isPartOf":{"@id":"https:\/\/mbasistenciavirtual.com.ar\/#website"},"primaryImageOfPage":{"@id":"https:\/\/mbasistenciavirtual.com.ar\/testimonios\/#primaryimage"},"image":{"@id":"https:\/\/mbasistenciavirtual.com.ar\/testimonios\/#primaryimage"},"thumbnailUrl":"https:\/\/mbasistenciavirtual.com.ar\/wp-content\/plugins\/kingcomposer\/assets\/images\/get_start.jpg","datePublished":"2018-07-17T12:38:10+00:00","dateModified":"2020-12-12T06:33:50+00:00","breadcrumb":{"@id":"https:\/\/mbasistenciavirtual.com.ar\/testimonios\/#breadcrumb"},"inLanguage":"en-GB","potentialAction":[{"@type":"ReadAction","target":["https:\/\/mbasistenciavirtual.com.ar\/testimonios\/"]}]},{"@type":"ImageObject","inLanguage":"en-GB","@id":"https:\/\/mbasistenciavirtual.com.ar\/testimonios\/#primaryimage","url":"https:\/\/mbasistenciavirtual.com.ar\/wp-content\/plugins\/kingcomposer\/assets\/images\/get_start.jpg","contentUrl":"https:\/\/mbasistenciavirtual.com.ar\/wp-content\/plugins\/kingcomposer\/assets\/images\/get_start.jpg"},{"@type":"BreadcrumbList","@id":"https:\/\/mbasistenciavirtual.com.ar\/testimonios\/#breadcrumb","itemListElement":[{"@type":"ListItem","position":1,"name":"Portada","item":"https:\/\/mbasistenciavirtual.com.ar\/"},{"@type":"ListItem","position":2,"name":"Testimonios"}]},{"@type":"WebSite","@id":"https:\/\/mbasistenciavirtual.com.ar\/#website","url":"https:\/\/mbasistenciavirtual.com.ar\/","name":"MB Asistencia Virtual","description":"Asistencia Virtual en Argentina","publisher":{"@id":"https:\/\/mbasistenciavirtual.com.ar\/#organization"},"potentialAction":[{"@type":"SearchAction","target":{"@type":"EntryPoint","urlTemplate":"https:\/\/mbasistenciavirtual.com.ar\/?s={search_term_string}"},"query-input":{"@type":"PropertyValueSpecification","valueRequired":true,"valueName":"search_term_string"}}],"inLanguage":"en-GB"},{"@type":"Organization","@id":"https:\/\/mbasistenciavirtual.com.ar\/#organization","name":"MB Asistencia Virtual","url":"https:\/\/mbasistenciavirtual.com.ar\/","logo":{"@type":"ImageObject","inLanguage":"en-GB","@id":"https:\/\/mbasistenciavirtual.com.ar\/#\/schema\/logo\/image\/","url":"https:\/\/mbasistenciavirtual.com.ar\/wp-content\/uploads\/2020\/06\/MB-NEW-LOGO.png","contentUrl":"https:\/\/mbasistenciavirtual.com.ar\/wp-content\/uploads\/2020\/06\/MB-NEW-LOGO.png","width":200,"height":200,"caption":"MB Asistencia Virtual"},"image":{"@id":"https:\/\/mbasistenciavirtual.com.ar\/#\/schema\/logo\/image\/"}}]}},"_links":{"self":[{"href":"https:\/\/mbasistenciavirtual.com.ar\/en\/wp-json\/wp\/v2\/pages\/1240","targetHints":{"allow":["GET"]}}],"collection":[{"href":"https:\/\/mbasistenciavirtual.com.ar\/en\/wp-json\/wp\/v2\/pages"}],"about":[{"href":"https:\/\/mbasistenciavirtual.com.ar\/en\/wp-json\/wp\/v2\/types\/page"}],"author":[{"embeddable":true,"href":"https:\/\/mbasistenciavirtual.com.ar\/en\/wp-json\/wp\/v2\/users\/2"}],"replies":[{"embeddable":true,"href":"https:\/\/mbasistenciavirtual.com.ar\/en\/wp-json\/wp\/v2\/comments?post=1240"}],"version-history":[{"count":14,"href":"https:\/\/mbasistenciavirtual.com.ar\/en\/wp-json\/wp\/v2\/pages\/1240\/revisions"}],"predecessor-version":[{"id":1919,"href":"https:\/\/mbasistenciavirtual.com.ar\/en\/wp-json\/wp\/v2\/pages\/1240\/revisions\/1919"}],"wp:attachment":[{"href":"https:\/\/mbasistenciavirtual.com.ar\/en\/wp-json\/wp\/v2\/media?parent=1240"}],"curies":[{"name":"wp","href":"https:\/\/api.w.org\/{rel}","templated":true}]}}