{"id":1241,"date":"2018-07-18T09:18:08","date_gmt":"2018-07-18T09:18:08","guid":{"rendered":"http:\/\/wp3.commonsupport.com\/newwp\/rabinos\/?page_id=640"},"modified":"2020-12-12T03:29:05","modified_gmt":"2020-12-12T06:29:05","slug":"asistente-administrativa","status":"publish","type":"page","link":"https:\/\/mbasistenciavirtual.com.ar\/en\/asistente-administrativa\/","title":{"rendered":"Asistente Administrativa"},"content":{"rendered":"<section class=\"kc-elm kc-css-471511 kc_row\"><div class=\"kc-row-container  kc-container  services-single-section\"><div class=\"kc-wrap-columns\"><div class=\"kc-elm kc-css-923562 kc_col-sm-12 kc_column kc_col-sm-12\"><div class=\"sidebar kc-col-container\"><div class=\"inner-column\">\r\n    <h2>Asistente Administrativa<\/h2>\r\n    <div class=\"text\">\r\n        La gesti\u00f3n administrativa de tu empresa en nuestras manos.\r\n        <!--Two Column-->\r\n        <div class=\"two-column style-two row clearfix\">\r\n        \t            <!--Content Column-->\r\n            <div class=\"inner-content-column col-md-7 col-sm-7 col-xs-12\">\r\n                <div class=\"column-inner\">\r\n                    <h3>Servicios<\/h3>\r\n                    <p><\/p>\r\n                    <ul class=\"list-style-ten\">\r\n                        \t\t\t\t\t\t<li>Facturaci\u00f3n\r<\/li>\r\n\t\t\t\t\t\t\t\t\t\t\t\t<li>Gesti\u00f3n de cobranzas\r<\/li>\r\n\t\t\t\t\t\t\t\t\t\t\t\t<li>Gesti\u00f3n de pago a proveedores, pago de impuestos y servicios\r<\/li>\r\n\t\t\t\t\t\t\t\t\t\t\t\t<li>Gesti\u00f3n de clientes y proveedores mediante plataformas de CRM y SRM\r<\/li>\r\n\t\t\t\t\t\t\t\t\t\t\t\t<li>Nexo entre el Cliente y tu contador\r<\/li>\r\n\t\t\t\t\t\t\t\t\t\t\t\t<li>Conciliaciones bancarias\r<\/li>\r\n\t\t\t\t\t\t\t\t\t\t\t\t<li>Control de gastos \/ Informes<\/li>\r\n\t\t\t\t\t\t                    <\/ul>\r\n                <\/div>\r\n            <\/div>\r\n            <div class=\"image-column col-md-5 col-sm-5 col-xs-12\">\r\n                <div class=\"image\">\r\n                    <img decoding=\"async\" src=\"https:\/\/mbasistenciavirtual.com.ar\/wp-content\/uploads\/2020\/06\/optimizar.jpg\" alt=\"Awesome Image\" \/>\r\n                <\/div>\r\n            <\/div>\r\n                    <\/div>\r\n        \r\n        <h4>Beneficios<\/h4>\r\n                <!--Accordion Box \/ Style Three-->\r\n        <ul class=\"accordion-box style-three\">\r\n        \t            <!--Block-->\r\n            <li class=\"accordion block active-block\">\r\n                <div class=\"acc-btn active\"><span class=\"icon fa fa-plus\"><\/span>Optimiz\u00e1 costos sin sacrificar calidad<\/div>\r\n                <div class=\"acc-content current\">\r\n                    <div class=\"content\">\r\n                        <p>Hoy en d\u00eda, la facturaci\u00f3n electr\u00f3nica, la digitalizaci\u00f3n de la documentaci\u00f3n, y las plataformas en la nube permiten llevar adelante la gesti\u00f3n del \u00e1rea administrativa en forma remota sin inconvenientes.  \r\n\r\nRegistramos la compras, las ventas, las cobranzas y los pagos.\r\n\r\nDe todas formas, incluimos en este servicio un visita peri\u00f3dica para ordenar el archivo f\u00edsico y hacer cualquier gesti\u00f3n presencial que se necesite. <\/p>\r\n                    <\/div>\r\n                <\/div>\r\n            <\/li>\r\n\t\t\t            <!--Block-->\r\n            <li class=\"accordion block\">\r\n                <div class=\"acc-btn\"><span class=\"icon fa fa-plus\"><\/span>Somos el nexo con tu estudio contable<\/div>\r\n                <div class=\"acc-content\">\r\n                    <div class=\"content\">\r\n                        <p>Llevar adelante la gesti\u00f3n administrativa en forma eficiente es fundamental para lograr el \u00e9xito de un negocio, para lo cual la sistematizaci\u00f3n de los procesos, la rigurosidad de la informaci\u00f3n y el orden son indispensables.\r\n\r\nPara ello trabajamos en equipo con tu estudio contable compartiendo informaci\u00f3n y d\u00e1ndoles apoyo para planificar y coordinar todas las funciones relacionadas con el \u00e1rea contable e impositiva .<\/p>\r\n                    <\/div>\r\n                <\/div>\r\n            <\/li>\r\n\t\t\t            <!--Block-->\r\n            <li class=\"accordion block\">\r\n                <div class=\"acc-btn\"><span class=\"icon fa fa-plus\"><\/span>Los vencimientos de servicios e impuestos agendados y al d\u00eda<\/div>\r\n                <div class=\"acc-content\">\r\n                    <div class=\"content\">\r\n                        <p>Llevamos una agenda con los vencimientos mensuales de servicios, impuestos (Aut\u00f3nomos, IVA, IIBB, Anticipos de Ganancias y Bienes Personales), alquileres y todos los gastos fijos de tu empresa. \r\n\r\n<\/p>\r\n                    <\/div>\r\n                <\/div>\r\n            <\/li>\r\n\t\t\t            <!--Block-->\r\n            <li class=\"accordion block\">\r\n                <div class=\"acc-btn\"><span class=\"icon fa fa-plus\"><\/span>Registro de cheques<\/div>\r\n                <div class=\"acc-content\">\r\n                    <div class=\"content\">\r\n                        <p>Usamos sistemas de gesti\u00f3n en la nube para llevar un registro de los cheques que emit\u00eds y que recib\u00eds.  Hacemos la conciliaci\u00f3n con los extractos bancarios para que puedas llevar el control.<\/p>\r\n                    <\/div>\r\n                <\/div>\r\n            <\/li>\r\n\t\t\t        <\/ul>\r\n        <!--End Accordion Box-->\r\n                \r\n                <!--Services Lower-->\r\n        <div class=\"services-lower\">\r\n            <div class=\"row clearfix\">\r\n                <div class=\"column col-md-5 col-sm-12 col-xs-12\">\r\n                    <div class=\"image\">\r\n                        <img decoding=\"async\" src=\"https:\/\/mbasistenciavirtual.com.ar\/wp-content\/uploads\/2020\/11\/calendar-300x200.jpg\" alt=\"Awesome Image\" \/>\r\n                    <\/div>\r\n                <\/div>\r\n                <div class=\"column col-md-7 col-sm-12 col-xs-12\">\r\n                    <h2 class=\"cap alt\"><\/h2>\r\n                                    <\/div>\r\n            <\/div>\r\n        <\/div>\r\n            <\/div>\r\n<\/div>\r\n<\/div><\/div><\/div><\/div><\/section>","protected":false},"excerpt":{"rendered":"","protected":false},"author":2,"featured_media":0,"parent":0,"menu_order":0,"comment_status":"closed","ping_status":"closed","template":"tpl-king_composer.php","meta":{"content-type":"","footnotes":""},"class_list":["post-1241","page","type-page","status-publish","hentry"],"yoast_head":"<!-- This site is optimized with the Yoast SEO plugin v25.2 - https:\/\/yoast.com\/wordpress\/plugins\/seo\/ -->\n<title>Asistente Administrativa - MB Asistencia Virtual<\/title>\n<meta name=\"robots\" content=\"index, follow, max-snippet:-1, max-image-preview:large, max-video-preview:-1\" \/>\n<link rel=\"canonical\" href=\"https:\/\/mbasistenciavirtual.com.ar\/en\/asistente-administrativa\/\" \/>\n<meta property=\"og:locale\" content=\"en_GB\" \/>\n<meta property=\"og:type\" content=\"article\" \/>\n<meta property=\"og:title\" content=\"Asistente Administrativa - MB Asistencia Virtual\" \/>\n<meta property=\"og:description\" content=\"Asistente Administrativa La gesti\u00f3n administrativa de tu empresa en nuestras manos. Servicios Facturaci\u00f3n Gesti\u00f3n de cobranzas Gesti\u00f3n de pago a proveedores, pago de impuestos y servicios Gesti\u00f3n de clientes y proveedores mediante plataformas de CRM y SRM Nexo entre el Cliente y tu contador Conciliaciones bancarias Control de gastos \/ Informes Beneficios Optimiz\u00e1 costos sin\" \/>\n<meta property=\"og:url\" content=\"https:\/\/mbasistenciavirtual.com.ar\/en\/asistente-administrativa\/\" \/>\n<meta property=\"og:site_name\" content=\"MB Asistencia Virtual\" \/>\n<meta property=\"article:modified_time\" content=\"2020-12-12T06:29:05+00:00\" \/>\n<meta property=\"og:image\" content=\"https:\/\/mbasistenciavirtual.com.ar\/wp-content\/uploads\/2020\/06\/optimizar.jpg\" \/>\n<meta name=\"twitter:card\" content=\"summary_large_image\" \/>\n<meta name=\"twitter:label1\" content=\"Estimated reading time\" \/>\n\t<meta name=\"twitter:data1\" content=\"1 minute\" \/>\n<script type=\"application\/ld+json\" class=\"yoast-schema-graph\">{\"@context\":\"https:\/\/schema.org\",\"@graph\":[{\"@type\":\"WebPage\",\"@id\":\"https:\/\/mbasistenciavirtual.com.ar\/asistente-administrativa\/\",\"url\":\"https:\/\/mbasistenciavirtual.com.ar\/asistente-administrativa\/\",\"name\":\"Asistente Administrativa - MB Asistencia Virtual\",\"isPartOf\":{\"@id\":\"https:\/\/mbasistenciavirtual.com.ar\/#website\"},\"primaryImageOfPage\":{\"@id\":\"https:\/\/mbasistenciavirtual.com.ar\/asistente-administrativa\/#primaryimage\"},\"image\":{\"@id\":\"https:\/\/mbasistenciavirtual.com.ar\/asistente-administrativa\/#primaryimage\"},\"thumbnailUrl\":\"https:\/\/mbasistenciavirtual.com.ar\/wp-content\/uploads\/2020\/06\/optimizar.jpg\",\"datePublished\":\"2018-07-18T09:18:08+00:00\",\"dateModified\":\"2020-12-12T06:29:05+00:00\",\"breadcrumb\":{\"@id\":\"https:\/\/mbasistenciavirtual.com.ar\/asistente-administrativa\/#breadcrumb\"},\"inLanguage\":\"en-GB\",\"potentialAction\":[{\"@type\":\"ReadAction\",\"target\":[\"https:\/\/mbasistenciavirtual.com.ar\/asistente-administrativa\/\"]}]},{\"@type\":\"ImageObject\",\"inLanguage\":\"en-GB\",\"@id\":\"https:\/\/mbasistenciavirtual.com.ar\/asistente-administrativa\/#primaryimage\",\"url\":\"https:\/\/mbasistenciavirtual.com.ar\/wp-content\/uploads\/2020\/06\/optimizar.jpg\",\"contentUrl\":\"https:\/\/mbasistenciavirtual.com.ar\/wp-content\/uploads\/2020\/06\/optimizar.jpg\"},{\"@type\":\"BreadcrumbList\",\"@id\":\"https:\/\/mbasistenciavirtual.com.ar\/asistente-administrativa\/#breadcrumb\",\"itemListElement\":[{\"@type\":\"ListItem\",\"position\":1,\"name\":\"Portada\",\"item\":\"https:\/\/mbasistenciavirtual.com.ar\/\"},{\"@type\":\"ListItem\",\"position\":2,\"name\":\"Asistente Administrativa\"}]},{\"@type\":\"WebSite\",\"@id\":\"https:\/\/mbasistenciavirtual.com.ar\/#website\",\"url\":\"https:\/\/mbasistenciavirtual.com.ar\/\",\"name\":\"MB Asistencia Virtual\",\"description\":\"Asistencia Virtual en Argentina\",\"publisher\":{\"@id\":\"https:\/\/mbasistenciavirtual.com.ar\/#organization\"},\"potentialAction\":[{\"@type\":\"SearchAction\",\"target\":{\"@type\":\"EntryPoint\",\"urlTemplate\":\"https:\/\/mbasistenciavirtual.com.ar\/?s={search_term_string}\"},\"query-input\":{\"@type\":\"PropertyValueSpecification\",\"valueRequired\":true,\"valueName\":\"search_term_string\"}}],\"inLanguage\":\"en-GB\"},{\"@type\":\"Organization\",\"@id\":\"https:\/\/mbasistenciavirtual.com.ar\/#organization\",\"name\":\"MB Asistencia Virtual\",\"url\":\"https:\/\/mbasistenciavirtual.com.ar\/\",\"logo\":{\"@type\":\"ImageObject\",\"inLanguage\":\"en-GB\",\"@id\":\"https:\/\/mbasistenciavirtual.com.ar\/#\/schema\/logo\/image\/\",\"url\":\"https:\/\/mbasistenciavirtual.com.ar\/wp-content\/uploads\/2020\/06\/MB-NEW-LOGO.png\",\"contentUrl\":\"https:\/\/mbasistenciavirtual.com.ar\/wp-content\/uploads\/2020\/06\/MB-NEW-LOGO.png\",\"width\":200,\"height\":200,\"caption\":\"MB Asistencia Virtual\"},\"image\":{\"@id\":\"https:\/\/mbasistenciavirtual.com.ar\/#\/schema\/logo\/image\/\"}}]}<\/script>\n<!-- \/ Yoast SEO plugin. -->","yoast_head_json":{"title":"Asistente Administrativa - MB Asistencia Virtual","robots":{"index":"index","follow":"follow","max-snippet":"max-snippet:-1","max-image-preview":"max-image-preview:large","max-video-preview":"max-video-preview:-1"},"canonical":"https:\/\/mbasistenciavirtual.com.ar\/en\/asistente-administrativa\/","og_locale":"en_GB","og_type":"article","og_title":"Asistente Administrativa - MB Asistencia Virtual","og_description":"Asistente Administrativa La gesti\u00f3n administrativa de tu empresa en nuestras manos. Servicios Facturaci\u00f3n Gesti\u00f3n de cobranzas Gesti\u00f3n de pago a proveedores, pago de impuestos y servicios Gesti\u00f3n de clientes y proveedores mediante plataformas de CRM y SRM Nexo entre el Cliente y tu contador Conciliaciones bancarias Control de gastos \/ Informes Beneficios Optimiz\u00e1 costos sin","og_url":"https:\/\/mbasistenciavirtual.com.ar\/en\/asistente-administrativa\/","og_site_name":"MB Asistencia Virtual","article_modified_time":"2020-12-12T06:29:05+00:00","og_image":[{"url":"https:\/\/mbasistenciavirtual.com.ar\/wp-content\/uploads\/2020\/06\/optimizar.jpg","type":"","width":"","height":""}],"twitter_card":"summary_large_image","twitter_misc":{"Estimated reading time":"1 minute"},"schema":{"@context":"https:\/\/schema.org","@graph":[{"@type":"WebPage","@id":"https:\/\/mbasistenciavirtual.com.ar\/asistente-administrativa\/","url":"https:\/\/mbasistenciavirtual.com.ar\/asistente-administrativa\/","name":"Asistente Administrativa - MB Asistencia Virtual","isPartOf":{"@id":"https:\/\/mbasistenciavirtual.com.ar\/#website"},"primaryImageOfPage":{"@id":"https:\/\/mbasistenciavirtual.com.ar\/asistente-administrativa\/#primaryimage"},"image":{"@id":"https:\/\/mbasistenciavirtual.com.ar\/asistente-administrativa\/#primaryimage"},"thumbnailUrl":"https:\/\/mbasistenciavirtual.com.ar\/wp-content\/uploads\/2020\/06\/optimizar.jpg","datePublished":"2018-07-18T09:18:08+00:00","dateModified":"2020-12-12T06:29:05+00:00","breadcrumb":{"@id":"https:\/\/mbasistenciavirtual.com.ar\/asistente-administrativa\/#breadcrumb"},"inLanguage":"en-GB","potentialAction":[{"@type":"ReadAction","target":["https:\/\/mbasistenciavirtual.com.ar\/asistente-administrativa\/"]}]},{"@type":"ImageObject","inLanguage":"en-GB","@id":"https:\/\/mbasistenciavirtual.com.ar\/asistente-administrativa\/#primaryimage","url":"https:\/\/mbasistenciavirtual.com.ar\/wp-content\/uploads\/2020\/06\/optimizar.jpg","contentUrl":"https:\/\/mbasistenciavirtual.com.ar\/wp-content\/uploads\/2020\/06\/optimizar.jpg"},{"@type":"BreadcrumbList","@id":"https:\/\/mbasistenciavirtual.com.ar\/asistente-administrativa\/#breadcrumb","itemListElement":[{"@type":"ListItem","position":1,"name":"Portada","item":"https:\/\/mbasistenciavirtual.com.ar\/"},{"@type":"ListItem","position":2,"name":"Asistente Administrativa"}]},{"@type":"WebSite","@id":"https:\/\/mbasistenciavirtual.com.ar\/#website","url":"https:\/\/mbasistenciavirtual.com.ar\/","name":"MB Asistencia Virtual","description":"Asistencia Virtual en Argentina","publisher":{"@id":"https:\/\/mbasistenciavirtual.com.ar\/#organization"},"potentialAction":[{"@type":"SearchAction","target":{"@type":"EntryPoint","urlTemplate":"https:\/\/mbasistenciavirtual.com.ar\/?s={search_term_string}"},"query-input":{"@type":"PropertyValueSpecification","valueRequired":true,"valueName":"search_term_string"}}],"inLanguage":"en-GB"},{"@type":"Organization","@id":"https:\/\/mbasistenciavirtual.com.ar\/#organization","name":"MB Asistencia Virtual","url":"https:\/\/mbasistenciavirtual.com.ar\/","logo":{"@type":"ImageObject","inLanguage":"en-GB","@id":"https:\/\/mbasistenciavirtual.com.ar\/#\/schema\/logo\/image\/","url":"https:\/\/mbasistenciavirtual.com.ar\/wp-content\/uploads\/2020\/06\/MB-NEW-LOGO.png","contentUrl":"https:\/\/mbasistenciavirtual.com.ar\/wp-content\/uploads\/2020\/06\/MB-NEW-LOGO.png","width":200,"height":200,"caption":"MB Asistencia Virtual"},"image":{"@id":"https:\/\/mbasistenciavirtual.com.ar\/#\/schema\/logo\/image\/"}}]}},"_links":{"self":[{"href":"https:\/\/mbasistenciavirtual.com.ar\/en\/wp-json\/wp\/v2\/pages\/1241","targetHints":{"allow":["GET"]}}],"collection":[{"href":"https:\/\/mbasistenciavirtual.com.ar\/en\/wp-json\/wp\/v2\/pages"}],"about":[{"href":"https:\/\/mbasistenciavirtual.com.ar\/en\/wp-json\/wp\/v2\/types\/page"}],"author":[{"embeddable":true,"href":"https:\/\/mbasistenciavirtual.com.ar\/en\/wp-json\/wp\/v2\/users\/2"}],"replies":[{"embeddable":true,"href":"https:\/\/mbasistenciavirtual.com.ar\/en\/wp-json\/wp\/v2\/comments?post=1241"}],"version-history":[{"count":18,"href":"https:\/\/mbasistenciavirtual.com.ar\/en\/wp-json\/wp\/v2\/pages\/1241\/revisions"}],"predecessor-version":[{"id":1912,"href":"https:\/\/mbasistenciavirtual.com.ar\/en\/wp-json\/wp\/v2\/pages\/1241\/revisions\/1912"}],"wp:attachment":[{"href":"https:\/\/mbasistenciavirtual.com.ar\/en\/wp-json\/wp\/v2\/media?parent=1241"}],"curies":[{"name":"wp","href":"https:\/\/api.w.org\/{rel}","templated":true}]}}