{"id":1242,"date":"2018-07-18T09:19:19","date_gmt":"2018-07-18T09:19:19","guid":{"rendered":"http:\/\/wp3.commonsupport.com\/newwp\/rabinos\/?page_id=641"},"modified":"2020-12-24T08:37:11","modified_gmt":"2020-12-24T11:37:11","slug":"marketing-digital","status":"publish","type":"page","link":"https:\/\/mbasistenciavirtual.com.ar\/en\/marketing-digital\/","title":{"rendered":"Marketing Digital"},"content":{"rendered":"<section class=\"kc-elm kc-css-566071 kc_row\"><div class=\"kc-row-container  kc-container  services-single-section\"><div class=\"kc-wrap-columns\"><div class=\"kc-elm kc-css-112088 kc_col-sm-12 kc_column kc_col-sm-12\"><div class=\"content-column kc-col-container\"><div class=\"inner-column\">\r\n    <h2>Soporte en Marketing Digital<\/h2>\r\n    <div class=\"text\">\r\n        Te ayudamos a ejecutar las estrategias de Marketing Digital.        <!--Two Column-->\r\n        <div class=\"two-column style-two row clearfix\">\r\n        \t            <!--Content Column-->\r\n            <div class=\"inner-content-column col-md-7 col-sm-7 col-xs-12\">\r\n                <div class=\"column-inner\">\r\n                    <h3>Servicios<\/h3>\r\n                    <p><\/p>\r\n                    <ul class=\"list-style-ten\">\r\n                        \t\t\t\t\t\t<li>Gesti\u00f3n de blogs en WordPress\r<\/li>\r\n\t\t\t\t\t\t\t\t\t\t\t\t<li>Elaboraci\u00f3n de contenidos\r<\/li>\r\n\t\t\t\t\t\t\t\t\t\t\t\t<li>Optimizaci\u00f3n del posicionamiento de tu sitio en buscadores (SEO)\r<\/li>\r\n\t\t\t\t\t\t\t\t\t\t\t\t<li>Gesti\u00f3n de redes sociales \r<\/li>\r\n\t\t\t\t\t\t\t\t\t\t\t\t<li>Investigaci\u00f3n en la web para la gesti\u00f3n de contenidos\r<\/li>\r\n\t\t\t\t\t\t\t\t\t\t\t\t<li>Campa\u00f1as de email marketing\r<\/li>\r\n\t\t\t\t\t\t\t\t\t\t\t\t<li>Encuestas online<\/li>\r\n\t\t\t\t\t\t                    <\/ul>\r\n                <\/div>\r\n            <\/div>\r\n            <div class=\"image-column col-md-5 col-sm-5 col-xs-12\">\r\n                <div class=\"image\">\r\n                    <img decoding=\"async\" src=\"https:\/\/mbasistenciavirtual.com.ar\/wp-content\/uploads\/2020\/10\/woman-using-her-tablet-for-online-shopping-scaled.jpg\" alt=\"Awesome Image\" \/>\r\n                <\/div>\r\n            <\/div>\r\n                    <\/div>\r\n        \r\n        <h4>Beneficios<\/h4>\r\n                <!--Accordion Box \/ Style Three-->\r\n        <ul class=\"accordion-box style-three\">\r\n        \t            <!--Block-->\r\n            <li class=\"accordion block active-block\">\r\n                <div class=\"acc-btn active\"><span class=\"icon fa fa-plus\"><\/span>Presencia en internet<\/div>\r\n                <div class=\"acc-content current\">\r\n                    <div class=\"content\">\r\n                        <p>Hoy m\u00e1s que nunca, tener presencia en internet es indispensable para poder atraer clientes. Para ello es necesario dise\u00f1ar y desarrollar una estrategia de marketing digital a medida. Si tu empresa trabaja con una agencia de marketing digital, podemos darte apoyo en la ejecuci\u00f3n de la estrategia.<\/p>\r\n                    <\/div>\r\n                <\/div>\r\n            <\/li>\r\n\t\t\t            <!--Block-->\r\n            <li class=\"accordion block\">\r\n                <div class=\"acc-btn\"><span class=\"icon fa fa-plus\"><\/span>Contenido<\/div>\r\n                <div class=\"acc-content\">\r\n                    <div class=\"content\">\r\n                        <p>Uno de los mayores desaf\u00edos es generar contenido interesante. Te ayudamos a investigar en la web sobre t\u00f3picos relevantes para tu estrategia de marketing digital, y a transformar esa informaci\u00f3n en contenido para tu blog y  tus redes sociales.<\/p>\r\n                    <\/div>\r\n                <\/div>\r\n            <\/li>\r\n\t\t\t            <!--Block-->\r\n            <li class=\"accordion block\">\r\n                <div class=\"acc-btn\"><span class=\"icon fa fa-plus\"><\/span>Redes sociales \/ Social selling<\/div>\r\n                <div class=\"acc-content\">\r\n                    <div class=\"content\">\r\n                        <p>No se trata de qu\u00e9 vend\u00e9s, sino de c\u00f3mo lo vend\u00e9s. Las redes sociales son canales a trav\u00e9s de los cuales pod\u00e9s llegar a tu p\u00fablico objetivo. Gestionamos tus perfiles en las redes y la interacci\u00f3n con tu comunidad.<\/p>\r\n                    <\/div>\r\n                <\/div>\r\n            <\/li>\r\n\t\t\t        <\/ul>\r\n        <!--End Accordion Box-->\r\n                \r\n                <!--Services Lower-->\r\n        <div class=\"services-lower\">\r\n            <div class=\"row clearfix\">\r\n                <div class=\"column col-md-5 col-sm-12 col-xs-12\">\r\n                    <div class=\"image\">\r\n                        <img decoding=\"async\" src=\"https:\/\/mbasistenciavirtual.com.ar\/wp-content\/uploads\/2020\/11\/shutterstock_478147810-scaled.jpg\" alt=\"Awesome Image\" \/>\r\n                    <\/div>\r\n                <\/div>\r\n                <div class=\"column col-md-7 col-sm-12 col-xs-12\">\r\n                    <h2 class=\"cap alt\"><\/h2>\r\n                                    <\/div>\r\n            <\/div>\r\n        <\/div>\r\n            <\/div>\r\n<\/div>\r\n<\/div><\/div><\/div><\/div><\/section>","protected":false},"excerpt":{"rendered":"","protected":false},"author":2,"featured_media":0,"parent":0,"menu_order":0,"comment_status":"closed","ping_status":"closed","template":"tpl-king_composer.php","meta":{"content-type":"","footnotes":""},"class_list":["post-1242","page","type-page","status-publish","hentry"],"yoast_head":"<!-- This site is optimized with the Yoast SEO plugin v25.2 - https:\/\/yoast.com\/wordpress\/plugins\/seo\/ -->\n<title>Marketing Digital - MB Asistencia Virtual<\/title>\n<meta name=\"robots\" content=\"index, follow, max-snippet:-1, max-image-preview:large, max-video-preview:-1\" \/>\n<link rel=\"canonical\" href=\"https:\/\/mbasistenciavirtual.com.ar\/en\/marketing-digital\/\" \/>\n<meta property=\"og:locale\" content=\"en_GB\" \/>\n<meta property=\"og:type\" content=\"article\" \/>\n<meta property=\"og:title\" content=\"Marketing Digital - MB Asistencia Virtual\" \/>\n<meta property=\"og:description\" content=\"Soporte en Marketing Digital Te ayudamos a ejecutar las estrategias de Marketing Digital. Servicios Gesti\u00f3n de blogs en WordPress Elaboraci\u00f3n de contenidos Optimizaci\u00f3n del posicionamiento de tu sitio en buscadores (SEO) Gesti\u00f3n de redes sociales Investigaci\u00f3n en la web para la gesti\u00f3n de contenidos Campa\u00f1as de email marketing Encuestas online Beneficios Presencia en internet Hoy\" \/>\n<meta property=\"og:url\" content=\"https:\/\/mbasistenciavirtual.com.ar\/en\/marketing-digital\/\" \/>\n<meta property=\"og:site_name\" content=\"MB Asistencia Virtual\" \/>\n<meta property=\"article:modified_time\" content=\"2020-12-24T11:37:11+00:00\" \/>\n<meta property=\"og:image\" content=\"https:\/\/mbasistenciavirtual.com.ar\/wp-content\/uploads\/2020\/10\/woman-using-her-tablet-for-online-shopping-scaled.jpg\" \/>\n<meta name=\"twitter:card\" content=\"summary_large_image\" \/>\n<meta name=\"twitter:label1\" content=\"Estimated reading time\" \/>\n\t<meta name=\"twitter:data1\" content=\"1 minute\" \/>\n<script type=\"application\/ld+json\" class=\"yoast-schema-graph\">{\"@context\":\"https:\/\/schema.org\",\"@graph\":[{\"@type\":\"WebPage\",\"@id\":\"https:\/\/mbasistenciavirtual.com.ar\/marketing-digital\/\",\"url\":\"https:\/\/mbasistenciavirtual.com.ar\/marketing-digital\/\",\"name\":\"Marketing Digital - MB Asistencia Virtual\",\"isPartOf\":{\"@id\":\"https:\/\/mbasistenciavirtual.com.ar\/#website\"},\"primaryImageOfPage\":{\"@id\":\"https:\/\/mbasistenciavirtual.com.ar\/marketing-digital\/#primaryimage\"},\"image\":{\"@id\":\"https:\/\/mbasistenciavirtual.com.ar\/marketing-digital\/#primaryimage\"},\"thumbnailUrl\":\"https:\/\/mbasistenciavirtual.com.ar\/wp-content\/uploads\/2020\/10\/woman-using-her-tablet-for-online-shopping-scaled.jpg\",\"datePublished\":\"2018-07-18T09:19:19+00:00\",\"dateModified\":\"2020-12-24T11:37:11+00:00\",\"breadcrumb\":{\"@id\":\"https:\/\/mbasistenciavirtual.com.ar\/marketing-digital\/#breadcrumb\"},\"inLanguage\":\"en-GB\",\"potentialAction\":[{\"@type\":\"ReadAction\",\"target\":[\"https:\/\/mbasistenciavirtual.com.ar\/marketing-digital\/\"]}]},{\"@type\":\"ImageObject\",\"inLanguage\":\"en-GB\",\"@id\":\"https:\/\/mbasistenciavirtual.com.ar\/marketing-digital\/#primaryimage\",\"url\":\"https:\/\/mbasistenciavirtual.com.ar\/wp-content\/uploads\/2020\/10\/woman-using-her-tablet-for-online-shopping-scaled.jpg\",\"contentUrl\":\"https:\/\/mbasistenciavirtual.com.ar\/wp-content\/uploads\/2020\/10\/woman-using-her-tablet-for-online-shopping-scaled.jpg\"},{\"@type\":\"BreadcrumbList\",\"@id\":\"https:\/\/mbasistenciavirtual.com.ar\/marketing-digital\/#breadcrumb\",\"itemListElement\":[{\"@type\":\"ListItem\",\"position\":1,\"name\":\"Portada\",\"item\":\"https:\/\/mbasistenciavirtual.com.ar\/\"},{\"@type\":\"ListItem\",\"position\":2,\"name\":\"Marketing Digital\"}]},{\"@type\":\"WebSite\",\"@id\":\"https:\/\/mbasistenciavirtual.com.ar\/#website\",\"url\":\"https:\/\/mbasistenciavirtual.com.ar\/\",\"name\":\"MB Asistencia Virtual\",\"description\":\"Asistencia Virtual en Argentina\",\"publisher\":{\"@id\":\"https:\/\/mbasistenciavirtual.com.ar\/#organization\"},\"potentialAction\":[{\"@type\":\"SearchAction\",\"target\":{\"@type\":\"EntryPoint\",\"urlTemplate\":\"https:\/\/mbasistenciavirtual.com.ar\/?s={search_term_string}\"},\"query-input\":{\"@type\":\"PropertyValueSpecification\",\"valueRequired\":true,\"valueName\":\"search_term_string\"}}],\"inLanguage\":\"en-GB\"},{\"@type\":\"Organization\",\"@id\":\"https:\/\/mbasistenciavirtual.com.ar\/#organization\",\"name\":\"MB Asistencia Virtual\",\"url\":\"https:\/\/mbasistenciavirtual.com.ar\/\",\"logo\":{\"@type\":\"ImageObject\",\"inLanguage\":\"en-GB\",\"@id\":\"https:\/\/mbasistenciavirtual.com.ar\/#\/schema\/logo\/image\/\",\"url\":\"https:\/\/mbasistenciavirtual.com.ar\/wp-content\/uploads\/2020\/06\/MB-NEW-LOGO.png\",\"contentUrl\":\"https:\/\/mbasistenciavirtual.com.ar\/wp-content\/uploads\/2020\/06\/MB-NEW-LOGO.png\",\"width\":200,\"height\":200,\"caption\":\"MB Asistencia Virtual\"},\"image\":{\"@id\":\"https:\/\/mbasistenciavirtual.com.ar\/#\/schema\/logo\/image\/\"}}]}<\/script>\n<!-- \/ Yoast SEO plugin. -->","yoast_head_json":{"title":"Marketing Digital - MB Asistencia Virtual","robots":{"index":"index","follow":"follow","max-snippet":"max-snippet:-1","max-image-preview":"max-image-preview:large","max-video-preview":"max-video-preview:-1"},"canonical":"https:\/\/mbasistenciavirtual.com.ar\/en\/marketing-digital\/","og_locale":"en_GB","og_type":"article","og_title":"Marketing Digital - MB Asistencia Virtual","og_description":"Soporte en Marketing Digital Te ayudamos a ejecutar las estrategias de Marketing Digital. Servicios Gesti\u00f3n de blogs en WordPress Elaboraci\u00f3n de contenidos Optimizaci\u00f3n del posicionamiento de tu sitio en buscadores (SEO) Gesti\u00f3n de redes sociales Investigaci\u00f3n en la web para la gesti\u00f3n de contenidos Campa\u00f1as de email marketing Encuestas online Beneficios Presencia en internet Hoy","og_url":"https:\/\/mbasistenciavirtual.com.ar\/en\/marketing-digital\/","og_site_name":"MB Asistencia Virtual","article_modified_time":"2020-12-24T11:37:11+00:00","og_image":[{"url":"https:\/\/mbasistenciavirtual.com.ar\/wp-content\/uploads\/2020\/10\/woman-using-her-tablet-for-online-shopping-scaled.jpg","type":"","width":"","height":""}],"twitter_card":"summary_large_image","twitter_misc":{"Estimated reading time":"1 minute"},"schema":{"@context":"https:\/\/schema.org","@graph":[{"@type":"WebPage","@id":"https:\/\/mbasistenciavirtual.com.ar\/marketing-digital\/","url":"https:\/\/mbasistenciavirtual.com.ar\/marketing-digital\/","name":"Marketing Digital - MB Asistencia Virtual","isPartOf":{"@id":"https:\/\/mbasistenciavirtual.com.ar\/#website"},"primaryImageOfPage":{"@id":"https:\/\/mbasistenciavirtual.com.ar\/marketing-digital\/#primaryimage"},"image":{"@id":"https:\/\/mbasistenciavirtual.com.ar\/marketing-digital\/#primaryimage"},"thumbnailUrl":"https:\/\/mbasistenciavirtual.com.ar\/wp-content\/uploads\/2020\/10\/woman-using-her-tablet-for-online-shopping-scaled.jpg","datePublished":"2018-07-18T09:19:19+00:00","dateModified":"2020-12-24T11:37:11+00:00","breadcrumb":{"@id":"https:\/\/mbasistenciavirtual.com.ar\/marketing-digital\/#breadcrumb"},"inLanguage":"en-GB","potentialAction":[{"@type":"ReadAction","target":["https:\/\/mbasistenciavirtual.com.ar\/marketing-digital\/"]}]},{"@type":"ImageObject","inLanguage":"en-GB","@id":"https:\/\/mbasistenciavirtual.com.ar\/marketing-digital\/#primaryimage","url":"https:\/\/mbasistenciavirtual.com.ar\/wp-content\/uploads\/2020\/10\/woman-using-her-tablet-for-online-shopping-scaled.jpg","contentUrl":"https:\/\/mbasistenciavirtual.com.ar\/wp-content\/uploads\/2020\/10\/woman-using-her-tablet-for-online-shopping-scaled.jpg"},{"@type":"BreadcrumbList","@id":"https:\/\/mbasistenciavirtual.com.ar\/marketing-digital\/#breadcrumb","itemListElement":[{"@type":"ListItem","position":1,"name":"Portada","item":"https:\/\/mbasistenciavirtual.com.ar\/"},{"@type":"ListItem","position":2,"name":"Marketing Digital"}]},{"@type":"WebSite","@id":"https:\/\/mbasistenciavirtual.com.ar\/#website","url":"https:\/\/mbasistenciavirtual.com.ar\/","name":"MB Asistencia Virtual","description":"Asistencia Virtual en Argentina","publisher":{"@id":"https:\/\/mbasistenciavirtual.com.ar\/#organization"},"potentialAction":[{"@type":"SearchAction","target":{"@type":"EntryPoint","urlTemplate":"https:\/\/mbasistenciavirtual.com.ar\/?s={search_term_string}"},"query-input":{"@type":"PropertyValueSpecification","valueRequired":true,"valueName":"search_term_string"}}],"inLanguage":"en-GB"},{"@type":"Organization","@id":"https:\/\/mbasistenciavirtual.com.ar\/#organization","name":"MB Asistencia Virtual","url":"https:\/\/mbasistenciavirtual.com.ar\/","logo":{"@type":"ImageObject","inLanguage":"en-GB","@id":"https:\/\/mbasistenciavirtual.com.ar\/#\/schema\/logo\/image\/","url":"https:\/\/mbasistenciavirtual.com.ar\/wp-content\/uploads\/2020\/06\/MB-NEW-LOGO.png","contentUrl":"https:\/\/mbasistenciavirtual.com.ar\/wp-content\/uploads\/2020\/06\/MB-NEW-LOGO.png","width":200,"height":200,"caption":"MB Asistencia Virtual"},"image":{"@id":"https:\/\/mbasistenciavirtual.com.ar\/#\/schema\/logo\/image\/"}}]}},"_links":{"self":[{"href":"https:\/\/mbasistenciavirtual.com.ar\/en\/wp-json\/wp\/v2\/pages\/1242","targetHints":{"allow":["GET"]}}],"collection":[{"href":"https:\/\/mbasistenciavirtual.com.ar\/en\/wp-json\/wp\/v2\/pages"}],"about":[{"href":"https:\/\/mbasistenciavirtual.com.ar\/en\/wp-json\/wp\/v2\/types\/page"}],"author":[{"embeddable":true,"href":"https:\/\/mbasistenciavirtual.com.ar\/en\/wp-json\/wp\/v2\/users\/2"}],"replies":[{"embeddable":true,"href":"https:\/\/mbasistenciavirtual.com.ar\/en\/wp-json\/wp\/v2\/comments?post=1242"}],"version-history":[{"count":12,"href":"https:\/\/mbasistenciavirtual.com.ar\/en\/wp-json\/wp\/v2\/pages\/1242\/revisions"}],"predecessor-version":[{"id":2003,"href":"https:\/\/mbasistenciavirtual.com.ar\/en\/wp-json\/wp\/v2\/pages\/1242\/revisions\/2003"}],"wp:attachment":[{"href":"https:\/\/mbasistenciavirtual.com.ar\/en\/wp-json\/wp\/v2\/media?parent=1242"}],"curies":[{"name":"wp","href":"https:\/\/api.w.org\/{rel}","templated":true}]}}