{"id":1243,"date":"2018-07-18T09:47:46","date_gmt":"2018-07-18T09:47:46","guid":{"rendered":"http:\/\/wp3.commonsupport.com\/newwp\/rabinos\/?page_id=644"},"modified":"2020-11-18T19:56:09","modified_gmt":"2020-11-18T22:56:09","slug":"asistente-ejecutiva","status":"publish","type":"page","link":"https:\/\/mbasistenciavirtual.com.ar\/en\/asistente-ejecutiva\/","title":{"rendered":"Asistente Ejecutiva"},"content":{"rendered":"<p><section class=\"kc-elm kc-css-998985 kc_row\"><div class=\"kc-row-container  kc-container  services-single-section\"><div class=\"kc-wrap-columns\"><div class=\"kc-elm kc-css-755820 kc_col-sm-12 kc_column kc_col-sm-12\"><div class=\"sidebar kc-col-container\"><div class=\"inner-column\">\r\n    <h2>Asistente Ejecutiva \/ Business Partner<\/h2>\r\n    <div class=\"text\">\r\n        La Asistente Ejecutiva forma parte del equipo de colaboradores estrechos del Cliente. Sabe priorizar, organizar, y proponer soluciones. La contrataci\u00f3n a largo plazo permite que la AV y el Cliente funcionen en forma integrada, como verdaderos socios o business partners.        <!--Two Column-->\r\n        <div class=\"two-column style-two row clearfix\">\r\n        \t            <!--Content Column-->\r\n            <div class=\"inner-content-column col-md-7 col-sm-7 col-xs-12\">\r\n                <div class=\"column-inner\">\r\n                    <h3>Servicios<\/h3>\r\n                    <p><\/p>\r\n                    <ul class=\"list-style-ten\">\r\n                        \t\t\t\t\t\t<li>Redacci\u00f3n de correspondencia en espa\u00f1ol e ingl\u00e9s\r<\/li>\r\n\t\t\t\t\t\t\t\t\t\t\t\t<li>Gesti\u00f3n de casilla de correos del Cliente\r<\/li>\r\n\t\t\t\t\t\t\t\t\t\t\t\t<li>Producci\u00f3n de presentaciones en PowerPoint y Prezi\r<\/li>\r\n\t\t\t\t\t\t\t\t\t\t\t\t<li>Traducci\u00f3n libre de textos comerciales\r<\/li>\r\n\t\t\t\t\t\t\t\t\t\t\t\t<li>Organizaci\u00f3n de reuniones de equipo\r<\/li>\r\n\t\t\t\t\t\t\t\t\t\t\t\t<li>Soporte en la coordinaci\u00f3n de equipos mediante plataformas de colaboraci\u00f3n y team management\r<\/li>\r\n\t\t\t\t\t\t\t\t\t\t\t\t<li>Gesti\u00f3n de agenda\r<\/li>\r\n\t\t\t\t\t\t\t\t\t\t\t\t<li>Organizaci\u00f3n de viajes: pasajes, hoteles, autos\r<\/li>\r\n\t\t\t\t\t\t\t\t\t\t\t\t<li>Organizaci\u00f3n de eventos\r<\/li>\r\n\t\t\t\t\t\t\t\t\t\t\t\t<li>Investigaci\u00f3n en internet y elaboraci\u00f3n de Informes Ejecutivos<\/li>\r\n\t\t\t\t\t\t                    <\/ul>\r\n                <\/div>\r\n            <\/div>\r\n            <div class=\"image-column col-md-5 col-sm-5 col-xs-12\">\r\n                <div class=\"image\">\r\n                    <img decoding=\"async\" src=\"https:\/\/mbasistenciavirtual.com.ar\/wp-content\/uploads\/2020\/11\/shutterstock_1448908067-scaled.jpg\" alt=\"Awesome Image\" \/>\r\n                <\/div>\r\n            <\/div>\r\n                    <\/div>\r\n        \r\n        <h4>Beneficios<\/h4>\r\n                <!--Accordion Box \/ Style Three-->\r\n        <ul class=\"accordion-box style-three\">\r\n        \t            <!--Block-->\r\n            <li class=\"accordion block active-block\">\r\n                <div class=\"acc-btn active\"><span class=\"icon fa fa-plus\"><\/span>Jerarquizar la imagen de tu empresa<\/div>\r\n                <div class=\"acc-content current\">\r\n                    <div class=\"content\">\r\n                        <p>En nuestro rol de Asistentes Ejecutivas, tenemos el criterio y el manejo necesarios para discernir cu\u00e1les son las prioridades, reconocer situaciones sensibles, y alinearnos a tus valores y objetivos.<\/p>\r\n                    <\/div>\r\n                <\/div>\r\n            <\/li>\r\n\t\t\t            <!--Block-->\r\n            <li class=\"accordion block\">\r\n                <div class=\"acc-btn\"><span class=\"icon fa fa-plus\"><\/span>Coordinar mejor a tu equipo de colaboradores<\/div>\r\n                <div class=\"acc-content\">\r\n                    <div class=\"content\">\r\n                        <p>El trabajo en equipo en forma remota es mucho m\u00e1s eficiente si se utilizan plataformas de colaboraci\u00f3n online. Podemos asesorarte en la elecci\u00f3n e implementaci\u00f3n de la plataforma que mejor se adapte a la din\u00e1mica de tu equipo.<\/p>\r\n                    <\/div>\r\n                <\/div>\r\n            <\/li>\r\n\t\t\t            <!--Block-->\r\n            <li class=\"accordion block\">\r\n                <div class=\"acc-btn\"><span class=\"icon fa fa-plus\"><\/span>Delegar la gesti\u00f3n de ciertos proyectos<\/div>\r\n                <div class=\"acc-content\">\r\n                    <div class=\"content\">\r\n                        <p>Podr\u00e1s delegarnos ciertos proyectos o gestiones que requieran un manejo discreto y eficiente.<\/p>\r\n                    <\/div>\r\n                <\/div>\r\n            <\/li>\r\n\t\t\t            <!--Block-->\r\n            <li class=\"accordion block\">\r\n                <div class=\"acc-btn\"><span class=\"icon fa fa-plus\"><\/span>Servicios biling\u00fces<\/div>\r\n                <div class=\"acc-content\">\r\n                    <div class=\"content\">\r\n                        <p>Si hac\u00e9s negocios con empresas extranjeras, es importante contar con una AV que pueda comunicarse en forma verbal y escrita en ingl\u00e9s.\r\nHacemos investigaci\u00f3n en la web en ambos idiomas.\r\nPara traducciones contamos en el equipo con traductoras asociadas.<\/p>\r\n                    <\/div>\r\n                <\/div>\r\n            <\/li>\r\n\t\t\t        <\/ul>\r\n        <!--End Accordion Box-->\r\n                \r\n                <!--Services Lower-->\r\n        <div class=\"services-lower\">\r\n            <div class=\"row clearfix\">\r\n                <div class=\"column col-md-5 col-sm-12 col-xs-12\">\r\n                    <div class=\"image\">\r\n                        <img decoding=\"async\" src=\"https:\/\/mbasistenciavirtual.com.ar\/wp-content\/uploads\/2020\/10\/customer-service-operator-talking-phone-office-300x200.jpg\" alt=\"Awesome Image\" \/>\r\n                    <\/div>\r\n                <\/div>\r\n                <div class=\"column col-md-7 col-sm-12 col-xs-12\">\r\n                    <h2 class=\"cap alt\"><\/h2>\r\n                                    <\/div>\r\n            <\/div>\r\n        <\/div>\r\n            <\/div>\r\n<\/div>\r\n<\/div><\/div><\/div><\/div><\/section><section class=\"kc-elm kc-css-259242 kc_row\"><div class=\"kc-row-container  kc-container\"><div class=\"kc-wrap-columns\"><div class=\"kc-elm kc-css-724324 kc_col-sm-12 kc_column kc_col-sm-12\"><div class=\"kc-col-container\"><\/div><\/div><\/div><\/div><\/section><\/p>","protected":false},"excerpt":{"rendered":"","protected":false},"author":2,"featured_media":1460,"parent":0,"menu_order":0,"comment_status":"closed","ping_status":"closed","template":"tpl-king_composer.php","meta":{"content-type":"","footnotes":""},"class_list":["post-1243","page","type-page","status-publish","has-post-thumbnail","hentry"],"yoast_head":"<!-- This site is optimized with the Yoast SEO plugin v25.2 - https:\/\/yoast.com\/wordpress\/plugins\/seo\/ -->\n<title>Asistente Ejecutiva - MB Asistencia Virtual<\/title>\n<meta name=\"robots\" content=\"index, follow, max-snippet:-1, max-image-preview:large, max-video-preview:-1\" \/>\n<link rel=\"canonical\" href=\"https:\/\/mbasistenciavirtual.com.ar\/en\/asistente-ejecutiva\/\" \/>\n<meta property=\"og:locale\" content=\"en_GB\" \/>\n<meta property=\"og:type\" content=\"article\" \/>\n<meta property=\"og:title\" content=\"Asistente Ejecutiva - MB Asistencia Virtual\" \/>\n<meta property=\"og:description\" content=\"Asistente Ejecutiva \/ Business Partner La Asistente Ejecutiva forma parte del equipo de colaboradores estrechos del Cliente. Sabe priorizar, organizar, y proponer soluciones. La contrataci\u00f3n a largo plazo permite que la AV y el Cliente funcionen en forma integrada, como verdaderos socios o business partners. Servicios Redacci\u00f3n de correspondencia en espa\u00f1ol e ingl\u00e9s Gesti\u00f3n de\" \/>\n<meta property=\"og:url\" content=\"https:\/\/mbasistenciavirtual.com.ar\/en\/asistente-ejecutiva\/\" \/>\n<meta property=\"og:site_name\" content=\"MB Asistencia Virtual\" \/>\n<meta property=\"article:modified_time\" content=\"2020-11-18T22:56:09+00:00\" \/>\n<meta property=\"og:image\" content=\"https:\/\/mbasistenciavirtual.com.ar\/wp-content\/uploads\/2020\/10\/pexels-life-of-pix-7974-scaled.jpg\" \/>\n\t<meta property=\"og:image:width\" content=\"2560\" \/>\n\t<meta property=\"og:image:height\" content=\"1707\" \/>\n\t<meta property=\"og:image:type\" content=\"image\/jpeg\" \/>\n<meta name=\"twitter:card\" content=\"summary_large_image\" \/>\n<meta name=\"twitter:label1\" content=\"Estimated reading time\" \/>\n\t<meta name=\"twitter:data1\" content=\"1 minute\" \/>\n<script type=\"application\/ld+json\" class=\"yoast-schema-graph\">{\"@context\":\"https:\/\/schema.org\",\"@graph\":[{\"@type\":\"WebPage\",\"@id\":\"https:\/\/mbasistenciavirtual.com.ar\/asistente-ejecutiva\/\",\"url\":\"https:\/\/mbasistenciavirtual.com.ar\/asistente-ejecutiva\/\",\"name\":\"Asistente Ejecutiva - MB Asistencia Virtual\",\"isPartOf\":{\"@id\":\"https:\/\/mbasistenciavirtual.com.ar\/#website\"},\"primaryImageOfPage\":{\"@id\":\"https:\/\/mbasistenciavirtual.com.ar\/asistente-ejecutiva\/#primaryimage\"},\"image\":{\"@id\":\"https:\/\/mbasistenciavirtual.com.ar\/asistente-ejecutiva\/#primaryimage\"},\"thumbnailUrl\":\"https:\/\/mbasistenciavirtual.com.ar\/wp-content\/uploads\/2020\/10\/pexels-life-of-pix-7974-scaled.jpg\",\"datePublished\":\"2018-07-18T09:47:46+00:00\",\"dateModified\":\"2020-11-18T22:56:09+00:00\",\"breadcrumb\":{\"@id\":\"https:\/\/mbasistenciavirtual.com.ar\/asistente-ejecutiva\/#breadcrumb\"},\"inLanguage\":\"en-GB\",\"potentialAction\":[{\"@type\":\"ReadAction\",\"target\":[\"https:\/\/mbasistenciavirtual.com.ar\/asistente-ejecutiva\/\"]}]},{\"@type\":\"ImageObject\",\"inLanguage\":\"en-GB\",\"@id\":\"https:\/\/mbasistenciavirtual.com.ar\/asistente-ejecutiva\/#primaryimage\",\"url\":\"https:\/\/mbasistenciavirtual.com.ar\/wp-content\/uploads\/2020\/10\/pexels-life-of-pix-7974-scaled.jpg\",\"contentUrl\":\"https:\/\/mbasistenciavirtual.com.ar\/wp-content\/uploads\/2020\/10\/pexels-life-of-pix-7974-scaled.jpg\",\"width\":2560,\"height\":1707,\"caption\":\"laptop on desktop\"},{\"@type\":\"BreadcrumbList\",\"@id\":\"https:\/\/mbasistenciavirtual.com.ar\/asistente-ejecutiva\/#breadcrumb\",\"itemListElement\":[{\"@type\":\"ListItem\",\"position\":1,\"name\":\"Portada\",\"item\":\"https:\/\/mbasistenciavirtual.com.ar\/\"},{\"@type\":\"ListItem\",\"position\":2,\"name\":\"Asistente Ejecutiva\"}]},{\"@type\":\"WebSite\",\"@id\":\"https:\/\/mbasistenciavirtual.com.ar\/#website\",\"url\":\"https:\/\/mbasistenciavirtual.com.ar\/\",\"name\":\"MB Asistencia Virtual\",\"description\":\"Asistencia Virtual en Argentina\",\"publisher\":{\"@id\":\"https:\/\/mbasistenciavirtual.com.ar\/#organization\"},\"potentialAction\":[{\"@type\":\"SearchAction\",\"target\":{\"@type\":\"EntryPoint\",\"urlTemplate\":\"https:\/\/mbasistenciavirtual.com.ar\/?s={search_term_string}\"},\"query-input\":{\"@type\":\"PropertyValueSpecification\",\"valueRequired\":true,\"valueName\":\"search_term_string\"}}],\"inLanguage\":\"en-GB\"},{\"@type\":\"Organization\",\"@id\":\"https:\/\/mbasistenciavirtual.com.ar\/#organization\",\"name\":\"MB Asistencia Virtual\",\"url\":\"https:\/\/mbasistenciavirtual.com.ar\/\",\"logo\":{\"@type\":\"ImageObject\",\"inLanguage\":\"en-GB\",\"@id\":\"https:\/\/mbasistenciavirtual.com.ar\/#\/schema\/logo\/image\/\",\"url\":\"https:\/\/mbasistenciavirtual.com.ar\/wp-content\/uploads\/2020\/06\/MB-NEW-LOGO.png\",\"contentUrl\":\"https:\/\/mbasistenciavirtual.com.ar\/wp-content\/uploads\/2020\/06\/MB-NEW-LOGO.png\",\"width\":200,\"height\":200,\"caption\":\"MB Asistencia Virtual\"},\"image\":{\"@id\":\"https:\/\/mbasistenciavirtual.com.ar\/#\/schema\/logo\/image\/\"}}]}<\/script>\n<!-- \/ Yoast SEO plugin. -->","yoast_head_json":{"title":"Asistente Ejecutiva - MB Asistencia Virtual","robots":{"index":"index","follow":"follow","max-snippet":"max-snippet:-1","max-image-preview":"max-image-preview:large","max-video-preview":"max-video-preview:-1"},"canonical":"https:\/\/mbasistenciavirtual.com.ar\/en\/asistente-ejecutiva\/","og_locale":"en_GB","og_type":"article","og_title":"Asistente Ejecutiva - MB Asistencia Virtual","og_description":"Asistente Ejecutiva \/ Business Partner La Asistente Ejecutiva forma parte del equipo de colaboradores estrechos del Cliente. Sabe priorizar, organizar, y proponer soluciones. La contrataci\u00f3n a largo plazo permite que la AV y el Cliente funcionen en forma integrada, como verdaderos socios o business partners. Servicios Redacci\u00f3n de correspondencia en espa\u00f1ol e ingl\u00e9s Gesti\u00f3n de","og_url":"https:\/\/mbasistenciavirtual.com.ar\/en\/asistente-ejecutiva\/","og_site_name":"MB Asistencia Virtual","article_modified_time":"2020-11-18T22:56:09+00:00","og_image":[{"width":2560,"height":1707,"url":"https:\/\/mbasistenciavirtual.com.ar\/wp-content\/uploads\/2020\/10\/pexels-life-of-pix-7974-scaled.jpg","type":"image\/jpeg"}],"twitter_card":"summary_large_image","twitter_misc":{"Estimated reading time":"1 minute"},"schema":{"@context":"https:\/\/schema.org","@graph":[{"@type":"WebPage","@id":"https:\/\/mbasistenciavirtual.com.ar\/asistente-ejecutiva\/","url":"https:\/\/mbasistenciavirtual.com.ar\/asistente-ejecutiva\/","name":"Asistente Ejecutiva - MB Asistencia Virtual","isPartOf":{"@id":"https:\/\/mbasistenciavirtual.com.ar\/#website"},"primaryImageOfPage":{"@id":"https:\/\/mbasistenciavirtual.com.ar\/asistente-ejecutiva\/#primaryimage"},"image":{"@id":"https:\/\/mbasistenciavirtual.com.ar\/asistente-ejecutiva\/#primaryimage"},"thumbnailUrl":"https:\/\/mbasistenciavirtual.com.ar\/wp-content\/uploads\/2020\/10\/pexels-life-of-pix-7974-scaled.jpg","datePublished":"2018-07-18T09:47:46+00:00","dateModified":"2020-11-18T22:56:09+00:00","breadcrumb":{"@id":"https:\/\/mbasistenciavirtual.com.ar\/asistente-ejecutiva\/#breadcrumb"},"inLanguage":"en-GB","potentialAction":[{"@type":"ReadAction","target":["https:\/\/mbasistenciavirtual.com.ar\/asistente-ejecutiva\/"]}]},{"@type":"ImageObject","inLanguage":"en-GB","@id":"https:\/\/mbasistenciavirtual.com.ar\/asistente-ejecutiva\/#primaryimage","url":"https:\/\/mbasistenciavirtual.com.ar\/wp-content\/uploads\/2020\/10\/pexels-life-of-pix-7974-scaled.jpg","contentUrl":"https:\/\/mbasistenciavirtual.com.ar\/wp-content\/uploads\/2020\/10\/pexels-life-of-pix-7974-scaled.jpg","width":2560,"height":1707,"caption":"laptop on desktop"},{"@type":"BreadcrumbList","@id":"https:\/\/mbasistenciavirtual.com.ar\/asistente-ejecutiva\/#breadcrumb","itemListElement":[{"@type":"ListItem","position":1,"name":"Portada","item":"https:\/\/mbasistenciavirtual.com.ar\/"},{"@type":"ListItem","position":2,"name":"Asistente Ejecutiva"}]},{"@type":"WebSite","@id":"https:\/\/mbasistenciavirtual.com.ar\/#website","url":"https:\/\/mbasistenciavirtual.com.ar\/","name":"MB Asistencia Virtual","description":"Asistencia Virtual en Argentina","publisher":{"@id":"https:\/\/mbasistenciavirtual.com.ar\/#organization"},"potentialAction":[{"@type":"SearchAction","target":{"@type":"EntryPoint","urlTemplate":"https:\/\/mbasistenciavirtual.com.ar\/?s={search_term_string}"},"query-input":{"@type":"PropertyValueSpecification","valueRequired":true,"valueName":"search_term_string"}}],"inLanguage":"en-GB"},{"@type":"Organization","@id":"https:\/\/mbasistenciavirtual.com.ar\/#organization","name":"MB Asistencia Virtual","url":"https:\/\/mbasistenciavirtual.com.ar\/","logo":{"@type":"ImageObject","inLanguage":"en-GB","@id":"https:\/\/mbasistenciavirtual.com.ar\/#\/schema\/logo\/image\/","url":"https:\/\/mbasistenciavirtual.com.ar\/wp-content\/uploads\/2020\/06\/MB-NEW-LOGO.png","contentUrl":"https:\/\/mbasistenciavirtual.com.ar\/wp-content\/uploads\/2020\/06\/MB-NEW-LOGO.png","width":200,"height":200,"caption":"MB Asistencia Virtual"},"image":{"@id":"https:\/\/mbasistenciavirtual.com.ar\/#\/schema\/logo\/image\/"}}]}},"_links":{"self":[{"href":"https:\/\/mbasistenciavirtual.com.ar\/en\/wp-json\/wp\/v2\/pages\/1243","targetHints":{"allow":["GET"]}}],"collection":[{"href":"https:\/\/mbasistenciavirtual.com.ar\/en\/wp-json\/wp\/v2\/pages"}],"about":[{"href":"https:\/\/mbasistenciavirtual.com.ar\/en\/wp-json\/wp\/v2\/types\/page"}],"author":[{"embeddable":true,"href":"https:\/\/mbasistenciavirtual.com.ar\/en\/wp-json\/wp\/v2\/users\/2"}],"replies":[{"embeddable":true,"href":"https:\/\/mbasistenciavirtual.com.ar\/en\/wp-json\/wp\/v2\/comments?post=1243"}],"version-history":[{"count":27,"href":"https:\/\/mbasistenciavirtual.com.ar\/en\/wp-json\/wp\/v2\/pages\/1243\/revisions"}],"predecessor-version":[{"id":1442,"href":"https:\/\/mbasistenciavirtual.com.ar\/en\/wp-json\/wp\/v2\/pages\/1243\/revisions\/1442"}],"wp:featuredmedia":[{"embeddable":true,"href":"https:\/\/mbasistenciavirtual.com.ar\/en\/wp-json\/wp\/v2\/media\/1460"}],"wp:attachment":[{"href":"https:\/\/mbasistenciavirtual.com.ar\/en\/wp-json\/wp\/v2\/media?parent=1243"}],"curies":[{"name":"wp","href":"https:\/\/api.w.org\/{rel}","templated":true}]}}