{"id":1627,"date":"2020-11-09T20:56:10","date_gmt":"2020-11-09T23:56:10","guid":{"rendered":"https:\/\/mbasistenciavirtual.com.ar\/?page_id=1627"},"modified":"2021-04-12T20:21:23","modified_gmt":"2021-04-12T23:21:23","slug":"codigo-de-etica","status":"publish","type":"page","link":"https:\/\/mbasistenciavirtual.com.ar\/en\/codigo-de-etica\/","title":{"rendered":"C\u00f3digo de \u00c9tica"},"content":{"rendered":"<section class=\"kc-elm kc-css-505335 kc_row\"><div class=\"kc-row-container  kc-container\"><div class=\"kc-wrap-columns\"><div class=\"kc-elm kc-css-975195 kc_column kc_col-sm-12\"><div class=\"kc-col-container\"><div class=\"kc-elm kc-css-922684 kc_text_block\"><\/p>\n<p><figure style=\"width: 517px\" class=\"wp-caption aligncenter\"><img loading=\"lazy\" decoding=\"async\" class=\"size-thumbnail\" src=\"https:\/\/mbasistenciavirtual.com.ar\/wp-content\/uploads\/2020\/06\/3-BR-1.png\" alt=\"bureau-red-codigo-etica\" width=\"517\" height=\"169\" \/><figcaption class=\"wp-caption-text\">Adherimos al C\u00f3digo de \u00c9tica de Bureau Red<\/figcaption><\/figure>\n<\/p>\n<p>Como Asistentes Virtuales Certificadas adherimos al C\u00f3digo de \u00c9tica de <a href=\"http:\/\/www.bureaured.com\/ETICA.html\" target=\"_blank\" rel=\"noopener\">Bureau Red<\/a>:<\/p>\n<h2 align=\"justify\"><em><strong>\u00abEst\u00e1ndar de Excelencia, \u00c9tica y Ejercicio Profesional de Bureau Red\u00bb<\/strong><\/em><\/h2>\n<p><em>A continuaci\u00f3n encontrar\u00e1 nuestro Est\u00e1ndar de Excelencia, \u00c9tica y Ejercicio Profesional, el cual gu\u00eda la conducta de cada Asistente en nuestra comunidad educativa.<\/em><\/p>\n<h3><em><strong style=\"font-style: inherit;\">Compromiso \u00c9tico<\/strong><\/em><\/h3>\n<p><em>Como profesional de la Asistencia, acepto y respeto mi responsabilidad \u00e9tica hacia los clientes, colegas y a m\u00ed mismo. Acepto comportarme responsablemente con el m\u00e1s alto nivel de integridad y compromiso. No causar\u00e9 conscientemente da\u00f1o a mi mismo, a aquellos con los que colabore, o a la profesi\u00f3n de la Asistencia.<\/em><\/p>\n<h3><em><strong>Est\u00e1ndar de Excelencia<\/strong><\/em><\/h3>\n<p><em><strong>1<\/strong>\u00a0&#8211; Soy sensible a los valores culturales y creencias, y festejo la diversidad, aceptando que los valores de otros son tan v\u00e1lidos como los m\u00edos.<\/em><\/p>\n<p><em><strong>2<\/strong>\u00a0&#8211; Ejercito la integridad, honestidad y confidencialidad, mientras cumplo con la dual obligaci\u00f3n a m\u00ed mismo y a mis clientes internos y externos.<\/em><\/p>\n<p><em><strong>3<\/strong>\u00a0&#8211; Reconozco mis limitaciones, y solo proveer\u00e9 los servicios y\/o utilizar\u00e9 tecnolog\u00edas basadas en mi actual nivel de competencia.<\/em><\/p>\n<p><em><strong>4<\/strong>\u00a0&#8211; Al comienzo de cualquier relaci\u00f3n comercial comunicar\u00e9 claramente los t\u00e9rminos de nuestro acuerdo comercial, y clarificar\u00e9 las expectativas de ambas partes.<\/em><\/p>\n<ul>\n<li><em>Acepto total responsabilidad por el trabajo que realizo, aceptando los errores y corrigi\u00e9ndolos inmediatamente.<\/em><\/li>\n<li><em>No abusar\u00e9 la autoridad confiada a m\u00ed por mis clientes internos y externos.<\/em><\/li>\n<li><em>Los intereses de mis clientes internos y externos son de suma importancia para m\u00ed.<\/em><\/li>\n<li><em>No utilizar\u00e9 la informaci\u00f3n comercial obtenida como resultado de actividades profesionales<\/em><\/li>\n<\/ul>\n<p align=\"justify\"><em><strong>5<\/strong>\u00a0&#8211; Mantendr\u00e9 mis conocimientos personales y profesionales al d\u00eda, y continuar\u00e9 mi entrenamiento para asegurar que la experiencia necesaria est\u00e9 disponible cuando sea requerida.<\/em><\/p>\n<p><em><strong>6<\/strong>\u00a0&#8211; Formar\u00e9 parte de la Red de Apoyo colaborando con mis conocimientos, habilidades y pr\u00e1ctica profesional con otros Asistentes Profesionales para ampliar la comunidad, y para hacer crecer la comprensi\u00f3n y habilidades profesionales.<\/em><\/p>\n<p><em><strong>7<\/strong>\u00a0&#8211; Trabajar\u00e9 para fortalecer el entendimiento y aceptaci\u00f3n del p\u00fablico sobre la excelencia de la Asistencia en el Mundo de Habla Hispana.<\/em><\/p>\n<p><em><strong>8\u00a0<\/strong>&#8211; No da\u00f1ar\u00e9 intencionalmente la reputaci\u00f3n profesional o el ejercicio de la profesi\u00f3n de otra Asistente en el mundo.\u00bb<\/em><\/p>\n<p>\n<\/div><\/div><\/div><\/div><\/div><\/section>","protected":false},"excerpt":{"rendered":"","protected":false},"author":3,"featured_media":0,"parent":0,"menu_order":0,"comment_status":"closed","ping_status":"closed","template":"","meta":{"content-type":"","footnotes":""},"class_list":["post-1627","page","type-page","status-publish","hentry"],"yoast_head":"<!-- This site is optimized with the Yoast SEO plugin v25.2 - https:\/\/yoast.com\/wordpress\/plugins\/seo\/ -->\n<title>C\u00f3digo de \u00c9tica - MB Asistencia Virtual<\/title>\n<meta name=\"description\" content=\"C\u00f3digo de \u00c9tica para el ejercicio de la asistencia virtual.\" \/>\n<meta name=\"robots\" content=\"index, follow, max-snippet:-1, max-image-preview:large, max-video-preview:-1\" \/>\n<link rel=\"canonical\" href=\"https:\/\/mbasistenciavirtual.com.ar\/en\/codigo-de-etica\/\" \/>\n<meta property=\"og:locale\" content=\"en_GB\" \/>\n<meta property=\"og:type\" content=\"article\" \/>\n<meta property=\"og:title\" content=\"C\u00f3digo de \u00c9tica - MB Asistencia Virtual\" \/>\n<meta property=\"og:description\" content=\"C\u00f3digo de \u00c9tica para el ejercicio de la asistencia virtual.\" \/>\n<meta property=\"og:url\" content=\"https:\/\/mbasistenciavirtual.com.ar\/en\/codigo-de-etica\/\" \/>\n<meta property=\"og:site_name\" content=\"MB Asistencia Virtual\" \/>\n<meta property=\"article:modified_time\" content=\"2021-04-12T23:21:23+00:00\" \/>\n<meta property=\"og:image\" content=\"https:\/\/mbasistenciavirtual.com.ar\/wp-content\/uploads\/2020\/06\/3-BR-1.png\" \/>\n<meta name=\"twitter:card\" content=\"summary_large_image\" \/>\n<meta name=\"twitter:label1\" content=\"Estimated reading time\" \/>\n\t<meta name=\"twitter:data1\" content=\"2 minutes\" \/>\n<script type=\"application\/ld+json\" class=\"yoast-schema-graph\">{\"@context\":\"https:\/\/schema.org\",\"@graph\":[{\"@type\":\"WebPage\",\"@id\":\"https:\/\/mbasistenciavirtual.com.ar\/codigo-de-etica\/\",\"url\":\"https:\/\/mbasistenciavirtual.com.ar\/codigo-de-etica\/\",\"name\":\"C\u00f3digo de \u00c9tica - MB Asistencia Virtual\",\"isPartOf\":{\"@id\":\"https:\/\/mbasistenciavirtual.com.ar\/#website\"},\"primaryImageOfPage\":{\"@id\":\"https:\/\/mbasistenciavirtual.com.ar\/codigo-de-etica\/#primaryimage\"},\"image\":{\"@id\":\"https:\/\/mbasistenciavirtual.com.ar\/codigo-de-etica\/#primaryimage\"},\"thumbnailUrl\":\"https:\/\/mbasistenciavirtual.com.ar\/wp-content\/uploads\/2020\/06\/3-BR-1.png\",\"datePublished\":\"2020-11-09T23:56:10+00:00\",\"dateModified\":\"2021-04-12T23:21:23+00:00\",\"description\":\"C\u00f3digo de \u00c9tica para el ejercicio de la asistencia virtual.\",\"breadcrumb\":{\"@id\":\"https:\/\/mbasistenciavirtual.com.ar\/codigo-de-etica\/#breadcrumb\"},\"inLanguage\":\"en-GB\",\"potentialAction\":[{\"@type\":\"ReadAction\",\"target\":[\"https:\/\/mbasistenciavirtual.com.ar\/codigo-de-etica\/\"]}]},{\"@type\":\"ImageObject\",\"inLanguage\":\"en-GB\",\"@id\":\"https:\/\/mbasistenciavirtual.com.ar\/codigo-de-etica\/#primaryimage\",\"url\":\"https:\/\/mbasistenciavirtual.com.ar\/wp-content\/uploads\/2020\/06\/3-BR-1.png\",\"contentUrl\":\"https:\/\/mbasistenciavirtual.com.ar\/wp-content\/uploads\/2020\/06\/3-BR-1.png\"},{\"@type\":\"BreadcrumbList\",\"@id\":\"https:\/\/mbasistenciavirtual.com.ar\/codigo-de-etica\/#breadcrumb\",\"itemListElement\":[{\"@type\":\"ListItem\",\"position\":1,\"name\":\"Portada\",\"item\":\"https:\/\/mbasistenciavirtual.com.ar\/\"},{\"@type\":\"ListItem\",\"position\":2,\"name\":\"C\u00f3digo de \u00c9tica\"}]},{\"@type\":\"WebSite\",\"@id\":\"https:\/\/mbasistenciavirtual.com.ar\/#website\",\"url\":\"https:\/\/mbasistenciavirtual.com.ar\/\",\"name\":\"MB Asistencia Virtual\",\"description\":\"Asistencia Virtual en Argentina\",\"publisher\":{\"@id\":\"https:\/\/mbasistenciavirtual.com.ar\/#organization\"},\"potentialAction\":[{\"@type\":\"SearchAction\",\"target\":{\"@type\":\"EntryPoint\",\"urlTemplate\":\"https:\/\/mbasistenciavirtual.com.ar\/?s={search_term_string}\"},\"query-input\":{\"@type\":\"PropertyValueSpecification\",\"valueRequired\":true,\"valueName\":\"search_term_string\"}}],\"inLanguage\":\"en-GB\"},{\"@type\":\"Organization\",\"@id\":\"https:\/\/mbasistenciavirtual.com.ar\/#organization\",\"name\":\"MB Asistencia Virtual\",\"url\":\"https:\/\/mbasistenciavirtual.com.ar\/\",\"logo\":{\"@type\":\"ImageObject\",\"inLanguage\":\"en-GB\",\"@id\":\"https:\/\/mbasistenciavirtual.com.ar\/#\/schema\/logo\/image\/\",\"url\":\"https:\/\/mbasistenciavirtual.com.ar\/wp-content\/uploads\/2020\/06\/MB-NEW-LOGO.png\",\"contentUrl\":\"https:\/\/mbasistenciavirtual.com.ar\/wp-content\/uploads\/2020\/06\/MB-NEW-LOGO.png\",\"width\":200,\"height\":200,\"caption\":\"MB Asistencia Virtual\"},\"image\":{\"@id\":\"https:\/\/mbasistenciavirtual.com.ar\/#\/schema\/logo\/image\/\"}}]}<\/script>\n<!-- \/ Yoast SEO plugin. -->","yoast_head_json":{"title":"C\u00f3digo de \u00c9tica - MB Asistencia Virtual","description":"C\u00f3digo de \u00c9tica para el ejercicio de la asistencia virtual.","robots":{"index":"index","follow":"follow","max-snippet":"max-snippet:-1","max-image-preview":"max-image-preview:large","max-video-preview":"max-video-preview:-1"},"canonical":"https:\/\/mbasistenciavirtual.com.ar\/en\/codigo-de-etica\/","og_locale":"en_GB","og_type":"article","og_title":"C\u00f3digo de \u00c9tica - MB Asistencia Virtual","og_description":"C\u00f3digo de \u00c9tica para el ejercicio de la asistencia virtual.","og_url":"https:\/\/mbasistenciavirtual.com.ar\/en\/codigo-de-etica\/","og_site_name":"MB Asistencia Virtual","article_modified_time":"2021-04-12T23:21:23+00:00","og_image":[{"url":"https:\/\/mbasistenciavirtual.com.ar\/wp-content\/uploads\/2020\/06\/3-BR-1.png","type":"","width":"","height":""}],"twitter_card":"summary_large_image","twitter_misc":{"Estimated reading time":"2 minutes"},"schema":{"@context":"https:\/\/schema.org","@graph":[{"@type":"WebPage","@id":"https:\/\/mbasistenciavirtual.com.ar\/codigo-de-etica\/","url":"https:\/\/mbasistenciavirtual.com.ar\/codigo-de-etica\/","name":"C\u00f3digo de \u00c9tica - MB Asistencia Virtual","isPartOf":{"@id":"https:\/\/mbasistenciavirtual.com.ar\/#website"},"primaryImageOfPage":{"@id":"https:\/\/mbasistenciavirtual.com.ar\/codigo-de-etica\/#primaryimage"},"image":{"@id":"https:\/\/mbasistenciavirtual.com.ar\/codigo-de-etica\/#primaryimage"},"thumbnailUrl":"https:\/\/mbasistenciavirtual.com.ar\/wp-content\/uploads\/2020\/06\/3-BR-1.png","datePublished":"2020-11-09T23:56:10+00:00","dateModified":"2021-04-12T23:21:23+00:00","description":"C\u00f3digo de \u00c9tica para el ejercicio de la asistencia virtual.","breadcrumb":{"@id":"https:\/\/mbasistenciavirtual.com.ar\/codigo-de-etica\/#breadcrumb"},"inLanguage":"en-GB","potentialAction":[{"@type":"ReadAction","target":["https:\/\/mbasistenciavirtual.com.ar\/codigo-de-etica\/"]}]},{"@type":"ImageObject","inLanguage":"en-GB","@id":"https:\/\/mbasistenciavirtual.com.ar\/codigo-de-etica\/#primaryimage","url":"https:\/\/mbasistenciavirtual.com.ar\/wp-content\/uploads\/2020\/06\/3-BR-1.png","contentUrl":"https:\/\/mbasistenciavirtual.com.ar\/wp-content\/uploads\/2020\/06\/3-BR-1.png"},{"@type":"BreadcrumbList","@id":"https:\/\/mbasistenciavirtual.com.ar\/codigo-de-etica\/#breadcrumb","itemListElement":[{"@type":"ListItem","position":1,"name":"Portada","item":"https:\/\/mbasistenciavirtual.com.ar\/"},{"@type":"ListItem","position":2,"name":"C\u00f3digo de \u00c9tica"}]},{"@type":"WebSite","@id":"https:\/\/mbasistenciavirtual.com.ar\/#website","url":"https:\/\/mbasistenciavirtual.com.ar\/","name":"MB Asistencia Virtual","description":"Asistencia Virtual en Argentina","publisher":{"@id":"https:\/\/mbasistenciavirtual.com.ar\/#organization"},"potentialAction":[{"@type":"SearchAction","target":{"@type":"EntryPoint","urlTemplate":"https:\/\/mbasistenciavirtual.com.ar\/?s={search_term_string}"},"query-input":{"@type":"PropertyValueSpecification","valueRequired":true,"valueName":"search_term_string"}}],"inLanguage":"en-GB"},{"@type":"Organization","@id":"https:\/\/mbasistenciavirtual.com.ar\/#organization","name":"MB Asistencia Virtual","url":"https:\/\/mbasistenciavirtual.com.ar\/","logo":{"@type":"ImageObject","inLanguage":"en-GB","@id":"https:\/\/mbasistenciavirtual.com.ar\/#\/schema\/logo\/image\/","url":"https:\/\/mbasistenciavirtual.com.ar\/wp-content\/uploads\/2020\/06\/MB-NEW-LOGO.png","contentUrl":"https:\/\/mbasistenciavirtual.com.ar\/wp-content\/uploads\/2020\/06\/MB-NEW-LOGO.png","width":200,"height":200,"caption":"MB Asistencia Virtual"},"image":{"@id":"https:\/\/mbasistenciavirtual.com.ar\/#\/schema\/logo\/image\/"}}]}},"_links":{"self":[{"href":"https:\/\/mbasistenciavirtual.com.ar\/en\/wp-json\/wp\/v2\/pages\/1627","targetHints":{"allow":["GET"]}}],"collection":[{"href":"https:\/\/mbasistenciavirtual.com.ar\/en\/wp-json\/wp\/v2\/pages"}],"about":[{"href":"https:\/\/mbasistenciavirtual.com.ar\/en\/wp-json\/wp\/v2\/types\/page"}],"author":[{"embeddable":true,"href":"https:\/\/mbasistenciavirtual.com.ar\/en\/wp-json\/wp\/v2\/users\/3"}],"replies":[{"embeddable":true,"href":"https:\/\/mbasistenciavirtual.com.ar\/en\/wp-json\/wp\/v2\/comments?post=1627"}],"version-history":[{"count":15,"href":"https:\/\/mbasistenciavirtual.com.ar\/en\/wp-json\/wp\/v2\/pages\/1627\/revisions"}],"predecessor-version":[{"id":2152,"href":"https:\/\/mbasistenciavirtual.com.ar\/en\/wp-json\/wp\/v2\/pages\/1627\/revisions\/2152"}],"wp:attachment":[{"href":"https:\/\/mbasistenciavirtual.com.ar\/en\/wp-json\/wp\/v2\/media?parent=1627"}],"curies":[{"name":"wp","href":"https:\/\/api.w.org\/{rel}","templated":true}]}}