{"id":628,"date":"2018-07-18T08:46:02","date_gmt":"2018-07-18T08:46:02","guid":{"rendered":"http:\/\/wp3.commonsupport.com\/newwp\/rabinos\/?page_id=628"},"modified":"2020-12-12T03:29:45","modified_gmt":"2020-12-12T06:29:45","slug":"asistente-personal","status":"publish","type":"page","link":"https:\/\/mbasistenciavirtual.com.ar\/en\/asistente-personal\/","title":{"rendered":"Asistente Personal"},"content":{"rendered":"<section class=\"kc-elm kc-css-841206 kc_row\"><div class=\"kc-row-container  kc-container  services-single-section\"><div class=\"kc-wrap-columns\"><div class=\"kc-elm kc-css-453465 kc_col-sm-12 kc_column kc_col-sm-12\"><div class=\"sidebar kc-col-container\"><div class=\"inner-column\">\r\n    <h2>Asistente Personal<\/h2>\r\n    <div class=\"text\">\r\n        Tus asuntos personales delegados a tu persona de confianza.         <!--Two Column-->\r\n        <div class=\"two-column style-two row clearfix\">\r\n        \t            <!--Content Column-->\r\n            <div class=\"inner-content-column col-md-7 col-sm-7 col-xs-12\">\r\n                <div class=\"column-inner\">\r\n                    <h3>Servicios<\/h3>\r\n                    <p><\/p>\r\n                    <ul class=\"list-style-ten\">\r\n                        \t\t\t\t\t\t<li>Pago de gastos personales: servicios, impuestos, tarjetas de cr\u00e9dito, colegios, clubes, etc.\r<\/li>\r\n\t\t\t\t\t\t\t\t\t\t\t\t<li>Pago de sueldos y coordinaci\u00f3n del personal de la casa\r<\/li>\r\n\t\t\t\t\t\t\t\t\t\t\t\t<li>Coordinaci\u00f3n de citas m\u00e9dicas\r<\/li>\r\n\t\t\t\t\t\t\t\t\t\t\t\t<li>Organizaci\u00f3n de viajes familiares\r<\/li>\r\n\t\t\t\t\t\t\t\t\t\t\t\t<li>Organizaci\u00f3n de eventos\r<\/li>\r\n\t\t\t\t\t\t\t\t\t\t\t\t<li>Gesti\u00f3n de tr\u00e1mites personales <\/li>\r\n\t\t\t\t\t\t                    <\/ul>\r\n                <\/div>\r\n            <\/div>\r\n            <div class=\"image-column col-md-5 col-sm-5 col-xs-12\">\r\n                <div class=\"image\">\r\n                    <img decoding=\"async\" src=\"https:\/\/mbasistenciavirtual.com.ar\/wp-content\/uploads\/2020\/10\/secretaria.jpg\" alt=\"Awesome Image\" \/>\r\n                <\/div>\r\n            <\/div>\r\n                    <\/div>\r\n        \r\n        <h4>Beneficios<\/h4>\r\n                <!--Accordion Box \/ Style Three-->\r\n        <ul class=\"accordion-box style-three\">\r\n        \t            <!--Block-->\r\n            <li class=\"accordion block active-block\">\r\n                <div class=\"acc-btn active\"><span class=\"icon fa fa-plus\"><\/span>No malgastes tu tiempo<\/div>\r\n                <div class=\"acc-content current\">\r\n                    <div class=\"content\">\r\n                        <p>Podemos gestionar tus asuntos personales en forma remota liberando tiempo de tu d\u00eda para que lo puedas dedicar a tu vida familiar y social.\r\n<\/p>\r\n                    <\/div>\r\n                <\/div>\r\n            <\/li>\r\n\t\t\t            <!--Block-->\r\n            <li class=\"accordion block\">\r\n                <div class=\"acc-btn\"><span class=\"icon fa fa-plus\"><\/span>Mejor\u00e1 tu calidad de vida<\/div>\r\n                <div class=\"acc-content\">\r\n                    <div class=\"content\">\r\n                        <p>Con tu tiempo mejor invertido y habi\u00e9ndonos delegado varios asuntos, en poco tiempo notar\u00e1s c\u00f3mo mejora tu calidad de vida. M\u00e1s tiempo y menos preocupaciones.<\/p>\r\n                    <\/div>\r\n                <\/div>\r\n            <\/li>\r\n\t\t\t            <!--Block-->\r\n            <li class=\"accordion block\">\r\n                <div class=\"acc-btn\"><span class=\"icon fa fa-plus\"><\/span>Los pagos al d\u00eda<\/div>\r\n                <div class=\"acc-content\">\r\n                    <div class=\"content\">\r\n                        <p>Que no se te pasen m\u00e1s los vencimientos. Nosotras agendamos todos los vencimientos de tus obligaciones mensuales y te avisamos con antelaci\u00f3n para hacer la previsi\u00f3n de gastos del mes.<\/p>\r\n                    <\/div>\r\n                <\/div>\r\n            <\/li>\r\n\t\t\t            <!--Block-->\r\n            <li class=\"accordion block\">\r\n                <div class=\"acc-btn\"><span class=\"icon fa fa-plus\"><\/span>Informe de gastos mensuales<\/div>\r\n                <div class=\"acc-content\">\r\n                    <div class=\"content\">\r\n                        <p>Todos los pagos registrados en una planilla anualizada para un mayor control de tus gastos.<\/p>\r\n                    <\/div>\r\n                <\/div>\r\n            <\/li>\r\n\t\t\t        <\/ul>\r\n        <!--End Accordion Box-->\r\n                \r\n                <div class=\"row clearfix\">\r\n            <div class=\"column col-md-3 col-sm-12 col-xs-12\">\r\n                <h2 class=\"cap\"><\/h2>\r\n            <\/div>\r\n            <div class=\"column col-md-9 col-sm-12 col-xs-12\">\r\n                            <\/div>\r\n        <\/div>\r\n            <\/div>\r\n<\/div>\r\n<\/div><\/div><\/div><\/div><\/section>","protected":false},"excerpt":{"rendered":"","protected":false},"author":2,"featured_media":0,"parent":0,"menu_order":0,"comment_status":"closed","ping_status":"closed","template":"tpl-king_composer.php","meta":{"content-type":"","footnotes":""},"class_list":["post-628","page","type-page","status-publish","hentry"],"yoast_head":"<!-- This site is optimized with the Yoast SEO plugin v25.2 - https:\/\/yoast.com\/wordpress\/plugins\/seo\/ -->\n<title>Asistente Personal - MB Asistencia Virtual<\/title>\n<meta name=\"robots\" content=\"index, follow, max-snippet:-1, max-image-preview:large, max-video-preview:-1\" \/>\n<link rel=\"canonical\" href=\"https:\/\/mbasistenciavirtual.com.ar\/en\/asistente-personal\/\" \/>\n<meta property=\"og:locale\" content=\"en_GB\" \/>\n<meta property=\"og:type\" content=\"article\" \/>\n<meta property=\"og:title\" content=\"Asistente Personal - MB Asistencia Virtual\" \/>\n<meta property=\"og:description\" content=\"Asistente Personal Tus asuntos personales delegados a tu persona de confianza. Servicios Pago de gastos personales: servicios, impuestos, tarjetas de cr\u00e9dito, colegios, clubes, etc. Pago de sueldos y coordinaci\u00f3n del personal de la casa Coordinaci\u00f3n de citas m\u00e9dicas Organizaci\u00f3n de viajes familiares Organizaci\u00f3n de eventos Gesti\u00f3n de tr\u00e1mites personales Beneficios No malgastes tu tiempo Podemos\" \/>\n<meta property=\"og:url\" content=\"https:\/\/mbasistenciavirtual.com.ar\/en\/asistente-personal\/\" \/>\n<meta property=\"og:site_name\" content=\"MB Asistencia Virtual\" \/>\n<meta property=\"article:modified_time\" content=\"2020-12-12T06:29:45+00:00\" \/>\n<meta property=\"og:image\" content=\"https:\/\/mbasistenciavirtual.com.ar\/wp-content\/uploads\/2020\/10\/secretaria.jpg\" \/>\n<meta name=\"twitter:card\" content=\"summary_large_image\" \/>\n<meta name=\"twitter:label1\" content=\"Estimated reading time\" \/>\n\t<meta name=\"twitter:data1\" content=\"1 minute\" \/>\n<script type=\"application\/ld+json\" class=\"yoast-schema-graph\">{\"@context\":\"https:\/\/schema.org\",\"@graph\":[{\"@type\":\"WebPage\",\"@id\":\"https:\/\/mbasistenciavirtual.com.ar\/asistente-personal\/\",\"url\":\"https:\/\/mbasistenciavirtual.com.ar\/asistente-personal\/\",\"name\":\"Asistente Personal - MB Asistencia Virtual\",\"isPartOf\":{\"@id\":\"https:\/\/mbasistenciavirtual.com.ar\/#website\"},\"primaryImageOfPage\":{\"@id\":\"https:\/\/mbasistenciavirtual.com.ar\/asistente-personal\/#primaryimage\"},\"image\":{\"@id\":\"https:\/\/mbasistenciavirtual.com.ar\/asistente-personal\/#primaryimage\"},\"thumbnailUrl\":\"https:\/\/mbasistenciavirtual.com.ar\/wp-content\/uploads\/2020\/10\/secretaria.jpg\",\"datePublished\":\"2018-07-18T08:46:02+00:00\",\"dateModified\":\"2020-12-12T06:29:45+00:00\",\"breadcrumb\":{\"@id\":\"https:\/\/mbasistenciavirtual.com.ar\/asistente-personal\/#breadcrumb\"},\"inLanguage\":\"en-GB\",\"potentialAction\":[{\"@type\":\"ReadAction\",\"target\":[\"https:\/\/mbasistenciavirtual.com.ar\/asistente-personal\/\"]}]},{\"@type\":\"ImageObject\",\"inLanguage\":\"en-GB\",\"@id\":\"https:\/\/mbasistenciavirtual.com.ar\/asistente-personal\/#primaryimage\",\"url\":\"https:\/\/mbasistenciavirtual.com.ar\/wp-content\/uploads\/2020\/10\/secretaria.jpg\",\"contentUrl\":\"https:\/\/mbasistenciavirtual.com.ar\/wp-content\/uploads\/2020\/10\/secretaria.jpg\"},{\"@type\":\"BreadcrumbList\",\"@id\":\"https:\/\/mbasistenciavirtual.com.ar\/asistente-personal\/#breadcrumb\",\"itemListElement\":[{\"@type\":\"ListItem\",\"position\":1,\"name\":\"Portada\",\"item\":\"https:\/\/mbasistenciavirtual.com.ar\/\"},{\"@type\":\"ListItem\",\"position\":2,\"name\":\"Asistente Personal\"}]},{\"@type\":\"WebSite\",\"@id\":\"https:\/\/mbasistenciavirtual.com.ar\/#website\",\"url\":\"https:\/\/mbasistenciavirtual.com.ar\/\",\"name\":\"MB Asistencia Virtual\",\"description\":\"Asistencia Virtual en Argentina\",\"publisher\":{\"@id\":\"https:\/\/mbasistenciavirtual.com.ar\/#organization\"},\"potentialAction\":[{\"@type\":\"SearchAction\",\"target\":{\"@type\":\"EntryPoint\",\"urlTemplate\":\"https:\/\/mbasistenciavirtual.com.ar\/?s={search_term_string}\"},\"query-input\":{\"@type\":\"PropertyValueSpecification\",\"valueRequired\":true,\"valueName\":\"search_term_string\"}}],\"inLanguage\":\"en-GB\"},{\"@type\":\"Organization\",\"@id\":\"https:\/\/mbasistenciavirtual.com.ar\/#organization\",\"name\":\"MB Asistencia Virtual\",\"url\":\"https:\/\/mbasistenciavirtual.com.ar\/\",\"logo\":{\"@type\":\"ImageObject\",\"inLanguage\":\"en-GB\",\"@id\":\"https:\/\/mbasistenciavirtual.com.ar\/#\/schema\/logo\/image\/\",\"url\":\"https:\/\/mbasistenciavirtual.com.ar\/wp-content\/uploads\/2020\/06\/MB-NEW-LOGO.png\",\"contentUrl\":\"https:\/\/mbasistenciavirtual.com.ar\/wp-content\/uploads\/2020\/06\/MB-NEW-LOGO.png\",\"width\":200,\"height\":200,\"caption\":\"MB Asistencia Virtual\"},\"image\":{\"@id\":\"https:\/\/mbasistenciavirtual.com.ar\/#\/schema\/logo\/image\/\"}}]}<\/script>\n<!-- \/ Yoast SEO plugin. -->","yoast_head_json":{"title":"Asistente Personal - MB Asistencia Virtual","robots":{"index":"index","follow":"follow","max-snippet":"max-snippet:-1","max-image-preview":"max-image-preview:large","max-video-preview":"max-video-preview:-1"},"canonical":"https:\/\/mbasistenciavirtual.com.ar\/en\/asistente-personal\/","og_locale":"en_GB","og_type":"article","og_title":"Asistente Personal - MB Asistencia Virtual","og_description":"Asistente Personal Tus asuntos personales delegados a tu persona de confianza. Servicios Pago de gastos personales: servicios, impuestos, tarjetas de cr\u00e9dito, colegios, clubes, etc. Pago de sueldos y coordinaci\u00f3n del personal de la casa Coordinaci\u00f3n de citas m\u00e9dicas Organizaci\u00f3n de viajes familiares Organizaci\u00f3n de eventos Gesti\u00f3n de tr\u00e1mites personales Beneficios No malgastes tu tiempo Podemos","og_url":"https:\/\/mbasistenciavirtual.com.ar\/en\/asistente-personal\/","og_site_name":"MB Asistencia Virtual","article_modified_time":"2020-12-12T06:29:45+00:00","og_image":[{"url":"https:\/\/mbasistenciavirtual.com.ar\/wp-content\/uploads\/2020\/10\/secretaria.jpg","type":"","width":"","height":""}],"twitter_card":"summary_large_image","twitter_misc":{"Estimated reading time":"1 minute"},"schema":{"@context":"https:\/\/schema.org","@graph":[{"@type":"WebPage","@id":"https:\/\/mbasistenciavirtual.com.ar\/asistente-personal\/","url":"https:\/\/mbasistenciavirtual.com.ar\/asistente-personal\/","name":"Asistente Personal - MB Asistencia Virtual","isPartOf":{"@id":"https:\/\/mbasistenciavirtual.com.ar\/#website"},"primaryImageOfPage":{"@id":"https:\/\/mbasistenciavirtual.com.ar\/asistente-personal\/#primaryimage"},"image":{"@id":"https:\/\/mbasistenciavirtual.com.ar\/asistente-personal\/#primaryimage"},"thumbnailUrl":"https:\/\/mbasistenciavirtual.com.ar\/wp-content\/uploads\/2020\/10\/secretaria.jpg","datePublished":"2018-07-18T08:46:02+00:00","dateModified":"2020-12-12T06:29:45+00:00","breadcrumb":{"@id":"https:\/\/mbasistenciavirtual.com.ar\/asistente-personal\/#breadcrumb"},"inLanguage":"en-GB","potentialAction":[{"@type":"ReadAction","target":["https:\/\/mbasistenciavirtual.com.ar\/asistente-personal\/"]}]},{"@type":"ImageObject","inLanguage":"en-GB","@id":"https:\/\/mbasistenciavirtual.com.ar\/asistente-personal\/#primaryimage","url":"https:\/\/mbasistenciavirtual.com.ar\/wp-content\/uploads\/2020\/10\/secretaria.jpg","contentUrl":"https:\/\/mbasistenciavirtual.com.ar\/wp-content\/uploads\/2020\/10\/secretaria.jpg"},{"@type":"BreadcrumbList","@id":"https:\/\/mbasistenciavirtual.com.ar\/asistente-personal\/#breadcrumb","itemListElement":[{"@type":"ListItem","position":1,"name":"Portada","item":"https:\/\/mbasistenciavirtual.com.ar\/"},{"@type":"ListItem","position":2,"name":"Asistente Personal"}]},{"@type":"WebSite","@id":"https:\/\/mbasistenciavirtual.com.ar\/#website","url":"https:\/\/mbasistenciavirtual.com.ar\/","name":"MB Asistencia Virtual","description":"Asistencia Virtual en Argentina","publisher":{"@id":"https:\/\/mbasistenciavirtual.com.ar\/#organization"},"potentialAction":[{"@type":"SearchAction","target":{"@type":"EntryPoint","urlTemplate":"https:\/\/mbasistenciavirtual.com.ar\/?s={search_term_string}"},"query-input":{"@type":"PropertyValueSpecification","valueRequired":true,"valueName":"search_term_string"}}],"inLanguage":"en-GB"},{"@type":"Organization","@id":"https:\/\/mbasistenciavirtual.com.ar\/#organization","name":"MB Asistencia Virtual","url":"https:\/\/mbasistenciavirtual.com.ar\/","logo":{"@type":"ImageObject","inLanguage":"en-GB","@id":"https:\/\/mbasistenciavirtual.com.ar\/#\/schema\/logo\/image\/","url":"https:\/\/mbasistenciavirtual.com.ar\/wp-content\/uploads\/2020\/06\/MB-NEW-LOGO.png","contentUrl":"https:\/\/mbasistenciavirtual.com.ar\/wp-content\/uploads\/2020\/06\/MB-NEW-LOGO.png","width":200,"height":200,"caption":"MB Asistencia Virtual"},"image":{"@id":"https:\/\/mbasistenciavirtual.com.ar\/#\/schema\/logo\/image\/"}}]}},"_links":{"self":[{"href":"https:\/\/mbasistenciavirtual.com.ar\/en\/wp-json\/wp\/v2\/pages\/628","targetHints":{"allow":["GET"]}}],"collection":[{"href":"https:\/\/mbasistenciavirtual.com.ar\/en\/wp-json\/wp\/v2\/pages"}],"about":[{"href":"https:\/\/mbasistenciavirtual.com.ar\/en\/wp-json\/wp\/v2\/types\/page"}],"author":[{"embeddable":true,"href":"https:\/\/mbasistenciavirtual.com.ar\/en\/wp-json\/wp\/v2\/users\/2"}],"replies":[{"embeddable":true,"href":"https:\/\/mbasistenciavirtual.com.ar\/en\/wp-json\/wp\/v2\/comments?post=628"}],"version-history":[{"count":14,"href":"https:\/\/mbasistenciavirtual.com.ar\/en\/wp-json\/wp\/v2\/pages\/628\/revisions"}],"predecessor-version":[{"id":1913,"href":"https:\/\/mbasistenciavirtual.com.ar\/en\/wp-json\/wp\/v2\/pages\/628\/revisions\/1913"}],"wp:attachment":[{"href":"https:\/\/mbasistenciavirtual.com.ar\/en\/wp-json\/wp\/v2\/media?parent=628"}],"curies":[{"name":"wp","href":"https:\/\/api.w.org\/{rel}","templated":true}]}}